{"id":15,"date":"2013-12-09T07:11:39","date_gmt":"2013-12-09T07:11:39","guid":{"rendered":"http:\/\/jmlcorporation.com\/?page_id=15"},"modified":"2023-06-27T11:58:06","modified_gmt":"2023-06-27T16:58:06","slug":"company","status":"publish","type":"page","link":"https:\/\/jmlcorporation.com\/espanol\/company\/","title":{"rendered":"Empresa"},"content":{"rendered":"<div class=\"wpb-content-wrapper\">[vc_row parallax=&#8221;content-moving&#8221; parallax_image=&#8221;750&#8243; parallax_speed_bg=&#8221;2.5&#8243;][vc_column][vc_column_text css=&#8221;.vc_custom_1469144967648{padding-top: 100px !important;padding-bottom: 100px !important;}&#8221;]\n<h1 style=\"text-align: center;\"><span style=\"color: #ffffff;\">Empresa<\/span><\/h1>\n[\/vc_column_text][\/vc_column][\/vc_row][vc_row css=&#8221;.vc_custom_1467065629241{padding-top: 75px !important;padding-right: 10% !important;padding-bottom: 75px !important;padding-left: 10% !important;background-color: #ffffff !important;}&#8221;][vc_column padding_left=&#8221;21px&#8221;][vc_column_text el_class=&#8221;excerpt&#8221; css=&#8221;.vc_custom_1469144995527{margin-bottom: 30px !important;}&#8221;]\n<p style=\"text-align: center;\">1 JML ofrece la m\u00e1s alta calidad de productos y servicios en el mercado de las Islas V\u00edrgenes y de Estados Unidos.<\/p>\n[\/vc_column_text][vc_column_text]\n<p style=\"text-align: center;\">Desde el 2003, 1 JML ha estado proporcionando servicios en base a soluciones y es el distribuidor l\u00edder de valor a\u00f1adido de productos y servicios a los principales proveedores de telefon\u00eda m\u00f3vil en las Islas V\u00edrgenes.<\/p>\n<p style=\"text-align: center;\">Recientemente hemos ampliado nuestra cartera de negocios para ofrecer soluciones r\u00e1pidas de punto a punto, soluciones de log\u00edstica de carga a\u00e9rea y mar\u00edtima para las entregas entrantes y salientes.<\/p>\n[\/vc_column_text][vc_column_text css=&#8221;.vc_custom_1469145058126{padding-top: 75px !important;}&#8221;]\n<h2 style=\"text-align: center;\">Nuestros Valores<\/h2>\n[\/vc_column_text][vc_separator color=&#8221;custom&#8221; border_width=&#8221;3&#8243; el_width=&#8221;10&#8243; accent_color=&#8221;#f2682e&#8221; css=&#8221;.vc_custom_1467066832967{padding-top: 15px !important;padding-bottom: 30px !important;}&#8221;][vc_column_text el_class=&#8221;excerpt&#8221; css=&#8221;.vc_custom_1469145077843{margin-top: 15px !important;}&#8221;]\n<p style=\"text-align: center;\">Liderazgo<\/p>\n[\/vc_column_text][vc_column_text]\n<p style=\"text-align: center;\">En 1 JML usted recibir\u00e1 el tipo de servicio de alta calidad que Ud. espera de un l\u00edder, es por ello que nuestra empresa siempre est\u00e1 evolucionando para satisfacer las peticiones de nuestros clientes y superar las expectativas.<\/p>\n[\/vc_column_text][vc_column_text css=&#8221;.vc_custom_1469145118346{padding-top: 75px !important;}&#8221;]\n<h2 style=\"text-align: center;\">Atenci\u00f3n al Cliente<\/h2>\n[\/vc_column_text][vc_separator color=&#8221;custom&#8221; border_width=&#8221;3&#8243; el_width=&#8221;10&#8243; accent_color=&#8221;#f2682e&#8221; css=&#8221;.vc_custom_1467066832967{padding-top: 15px !important;padding-bottom: 30px !important;}&#8221;][vc_column_text el_class=&#8221;excerpt&#8221; css=&#8221;.vc_custom_1469145139787{margin-top: 15px !important;margin-bottom: 30px !important;}&#8221;]\n<p style=\"text-align: center;\">En 1 JML hacemos nuestra responsabilidad conocerlo tanto a Ud. como a su negocio. Trabajamos en estrecha colaboraci\u00f3n para identificar y proporcionar la soluci\u00f3n dise\u00f1ada para satisfacer sus necesidades. Nuestra m\u00e1xima prioridad es tener clientes satisfechos y estamos totalmente comprometidos para servirle y para ganar su negocio.<\/p>\n[\/vc_column_text][vc_column_text]\n<p style=\"text-align: center;\"><strong>1 JML DeliverIT<\/strong> es una empresa con licencia TSA \/ NVOCC, dedicada\u00a0a hacerle f\u00e1cil sus compras\u00a0desde la comodidad de su hogar. Nuestros objetivo es brindarle un servicio innovador y seguro para hacer sus compras a trav\u00e9s de Internet. Solo tiene que indicarnos el producto que desea comprar y nosotros le enviaremos un presupuesto indicando el mejor precio que hemos encontrado, el costo del env\u00edo y el tiempo de entrega. Si Ud. no tiene una tarjeta de cr\u00e9dito no hay problema, nosotros haremos las compras por\u00a0Ud.! Si Ud. no puede viajar a los Estados Unidos, o su rutina de trabajo y la vida cotidiana no le permiten tener el tiempo para hacer sus compras, no se preocupe, nosotros podemos hacerlo por Ud.<\/p>\n[\/vc_column_text][\/vc_column][\/vc_row][vc_row][vc_column][vc_column_text]\n[\/vc_column_text][\/vc_column][\/vc_row][vc_row parallax=&#8221;content-moving&#8221; parallax_image=&#8221;671&#8243; parallax_speed_bg=&#8221;2&#8243; center_row=&#8221;yes&#8221; typography_style=&#8221;white&#8221; css=&#8221;.vc_custom_1467064921578{padding-top: 75px !important;padding-right: 10% !important;padding-bottom: 75px !important;padding-left: 10% !important;}&#8221;][vc_column][vc_column_text]\n<h2 style=\"text-align: center;\"><span style=\"color: #ffffff;\">Consulta R\u00e1pida<\/span><\/h2>\n[\/vc_column_text][vc_separator color=&#8221;custom&#8221; border_width=&#8221;3&#8243; el_width=&#8221;10&#8243; accent_color=&#8221;#1e1a17&#8243; css=&#8221;.vc_custom_1467066612615{padding-top: 15px !important;padding-bottom: 30px !important;}&#8221;][vc_column_text el_class=&#8221;excerpt&#8221; css=&#8221;.vc_custom_1469145210328{margin-top: 15px !important;margin-bottom: 30px !important;}&#8221;]\n<p style=\"text-align: center;\">Obtenga un estimado detallado. Cliquee el bot\u00f3n y llene el formulario. Le responderemos a la brevedad posible.<\/p>\n[\/vc_column_text]<div class=\"theme-button-wrap textcenter theme-button-block-wrap wpex-block wpex-clear wpex-clr\"><a href=\"http:\/\/jmlcorporation.com\/espanol\/contact\/\" class=\"vcex-button theme-button flat large align-center block\" style=\"background:#1e1a17;padding:10px 45px;color:#f5f3f4;font-size:16px;font-weight:300;border-radius:0px;font-family:Ubuntu;\" data-wpex-hover='{&quot;background&quot;:&quot;#000000&quot;,&quot;color&quot;:&quot;#ffffff&quot;}' title=\"Solicite un Estimado\"><span class=\"vcex-button-inner theme-button-inner\">Solicite un Estimado<\/span><\/a><\/div> [\/vc_column][\/vc_row]\n<\/div>","protected":false},"excerpt":{"rendered":"<p>[vc_row parallax=&#8221;content-moving&#8221; parallax_image=&#8221;750&#8243; parallax_speed_bg=&#8221;2.5&#8243;][vc_column][vc_column_text css=&#8221;.vc_custom_1469144967648{padding-top: 100px !important;padding-bottom: 100px !important;}&#8221;] Empresa [\/vc_column_text][\/vc_column][\/vc_row][vc_row css=&#8221;.vc_custom_1467065629241{padding-top: 75px !important;padding-right: 10% !important;padding-bottom: 75px !important;padding-left: 10% !important;background-color: #ffffff !important;}&#8221;][vc_column padding_left=&#8221;21px&#8221;][vc_column_text el_class=&#8221;excerpt&#8221; css=&#8221;.vc_custom_1469144995527{margin-bottom: 30px !important;}&#8221;] 1 JML ofrece la m\u00e1s alta calidad de productos y servicios en el mercado de las Islas V\u00edrgenes y de Estados Unidos. [\/vc_column_text][vc_column_text] Desde el 2003, 1 JML&hellip;<\/p>\n","protected":false},"author":1,"featured_media":0,"parent":0,"menu_order":0,"comment_status":"closed","ping_status":"closed","template":"","meta":{"footnotes":""},"class_list":["post-15","page","type-page","status-publish","hentry","entry","no-media"],"yoast_head":"<!-- This site is optimized with the Yoast SEO plugin v27.3 - https:\/\/yoast.com\/product\/yoast-seo-wordpress\/ -->\n<title>A Reliable Cargo Company Miami Locals Trust | JML Cargo &amp; Logistics<\/title>\n<meta name=\"description\" content=\"We&#039;re a Spanish\/English bi-lingual cargo company Miami and the Virgin Islands are our two office locations. Tenemos agentes de compra en Miami. Call now.\" \/>\n<meta name=\"robots\" content=\"index, follow, max-snippet:-1, max-image-preview:large, max-video-preview:-1\" \/>\n<link rel=\"canonical\" href=\"https:\/\/jmlcorporation.com\/espanol\/company\/\" \/>\n<meta property=\"og:locale\" content=\"en_US\" \/>\n<meta property=\"og:type\" content=\"article\" \/>\n<meta property=\"og:title\" content=\"A Reliable Cargo Company Miami Locals Trust | JML Cargo &amp; Logistics\" \/>\n<meta property=\"og:description\" content=\"We&#039;re a Spanish\/English bi-lingual cargo company Miami and the Virgin Islands are our two office locations. Tenemos agentes de compra en Miami. Call now.\" \/>\n<meta property=\"og:url\" content=\"https:\/\/jmlcorporation.com\/espanol\/company\/\" \/>\n<meta property=\"og:site_name\" content=\"JML Corporation Espa\u00f1ol\" \/>\n<meta property=\"article:publisher\" content=\"https:\/\/www.facebook.com\/pages\/JML-Cargo-Logistics\/259834600847493\" \/>\n<meta property=\"article:modified_time\" content=\"2023-06-27T16:58:06+00:00\" \/>\n<meta name=\"twitter:card\" content=\"summary_large_image\" \/>\n<meta name=\"twitter:label1\" content=\"Est. reading time\" \/>\n\t<meta name=\"twitter:data1\" content=\"2 minutes\" \/>\n<script type=\"application\/ld+json\" class=\"yoast-schema-graph\">{\"@context\":\"https:\\\/\\\/schema.org\",\"@graph\":[{\"@type\":\"WebPage\",\"@id\":\"https:\\\/\\\/jmlcorporation.com\\\/espanol\\\/company\\\/\",\"url\":\"https:\\\/\\\/jmlcorporation.com\\\/espanol\\\/company\\\/\",\"name\":\"A Reliable Cargo Company Miami Locals Trust | JML Cargo & Logistics\",\"isPartOf\":{\"@id\":\"https:\\\/\\\/jmlcorporation.com\\\/espanol\\\/#website\"},\"datePublished\":\"2013-12-09T07:11:39+00:00\",\"dateModified\":\"2023-06-27T16:58:06+00:00\",\"description\":\"We're a Spanish\\\/English bi-lingual cargo company Miami and the Virgin Islands are our two office locations. Tenemos agentes de compra en Miami. Call now.\",\"breadcrumb\":{\"@id\":\"https:\\\/\\\/jmlcorporation.com\\\/espanol\\\/company\\\/#breadcrumb\"},\"inLanguage\":\"en-US\",\"potentialAction\":[{\"@type\":\"ReadAction\",\"target\":[\"https:\\\/\\\/jmlcorporation.com\\\/espanol\\\/company\\\/\"]}]},{\"@type\":\"BreadcrumbList\",\"@id\":\"https:\\\/\\\/jmlcorporation.com\\\/espanol\\\/company\\\/#breadcrumb\",\"itemListElement\":[{\"@type\":\"ListItem\",\"position\":1,\"name\":\"Home\",\"item\":\"https:\\\/\\\/jmlcorporation.com\\\/espanol\\\/\"},{\"@type\":\"ListItem\",\"position\":2,\"name\":\"Empresa\"}]},{\"@type\":\"WebSite\",\"@id\":\"https:\\\/\\\/jmlcorporation.com\\\/espanol\\\/#website\",\"url\":\"https:\\\/\\\/jmlcorporation.com\\\/espanol\\\/\",\"name\":\"JML Corporation\",\"description\":\"Cargo Services Miami - BVI\",\"publisher\":{\"@id\":\"https:\\\/\\\/jmlcorporation.com\\\/espanol\\\/#organization\"},\"potentialAction\":[{\"@type\":\"SearchAction\",\"target\":{\"@type\":\"EntryPoint\",\"urlTemplate\":\"https:\\\/\\\/jmlcorporation.com\\\/espanol\\\/?s={search_term_string}\"},\"query-input\":{\"@type\":\"PropertyValueSpecification\",\"valueRequired\":true,\"valueName\":\"search_term_string\"}}],\"inLanguage\":\"en-US\"},{\"@type\":\"Organization\",\"@id\":\"https:\\\/\\\/jmlcorporation.com\\\/espanol\\\/#organization\",\"name\":\"JML Corpporation\",\"url\":\"https:\\\/\\\/jmlcorporation.com\\\/espanol\\\/\",\"logo\":{\"@type\":\"ImageObject\",\"inLanguage\":\"en-US\",\"@id\":\"https:\\\/\\\/jmlcorporation.com\\\/espanol\\\/#\\\/schema\\\/logo\\\/image\\\/\",\"url\":\"https:\\\/\\\/jmlcorporation.com\\\/espanol\\\/wp-content\\\/uploads\\\/sites\\\/3\\\/2015\\\/05\\\/jml-logo-icon-152.png\",\"contentUrl\":\"https:\\\/\\\/jmlcorporation.com\\\/espanol\\\/wp-content\\\/uploads\\\/sites\\\/3\\\/2015\\\/05\\\/jml-logo-icon-152.png\",\"width\":152,\"height\":152,\"caption\":\"JML Corpporation\"},\"image\":{\"@id\":\"https:\\\/\\\/jmlcorporation.com\\\/espanol\\\/#\\\/schema\\\/logo\\\/image\\\/\"},\"sameAs\":[\"https:\\\/\\\/www.facebook.com\\\/pages\\\/JML-Cargo-Logistics\\\/259834600847493\"]}]}<\/script>\n<!-- \/ Yoast SEO plugin. -->","yoast_head_json":{"title":"A Reliable Cargo Company Miami Locals Trust | JML Cargo & Logistics","description":"We're a Spanish\/English bi-lingual cargo company Miami and the Virgin Islands are our two office locations. Tenemos agentes de compra en Miami. Call now.","robots":{"index":"index","follow":"follow","max-snippet":"max-snippet:-1","max-image-preview":"max-image-preview:large","max-video-preview":"max-video-preview:-1"},"canonical":"https:\/\/jmlcorporation.com\/espanol\/company\/","og_locale":"en_US","og_type":"article","og_title":"A Reliable Cargo Company Miami Locals Trust | JML Cargo & Logistics","og_description":"We're a Spanish\/English bi-lingual cargo company Miami and the Virgin Islands are our two office locations. Tenemos agentes de compra en Miami. Call now.","og_url":"https:\/\/jmlcorporation.com\/espanol\/company\/","og_site_name":"JML Corporation Espa\u00f1ol","article_publisher":"https:\/\/www.facebook.com\/pages\/JML-Cargo-Logistics\/259834600847493","article_modified_time":"2023-06-27T16:58:06+00:00","twitter_card":"summary_large_image","twitter_misc":{"Est. reading time":"2 minutes"},"schema":{"@context":"https:\/\/schema.org","@graph":[{"@type":"WebPage","@id":"https:\/\/jmlcorporation.com\/espanol\/company\/","url":"https:\/\/jmlcorporation.com\/espanol\/company\/","name":"A Reliable Cargo Company Miami Locals Trust | JML Cargo & Logistics","isPartOf":{"@id":"https:\/\/jmlcorporation.com\/espanol\/#website"},"datePublished":"2013-12-09T07:11:39+00:00","dateModified":"2023-06-27T16:58:06+00:00","description":"We're a Spanish\/English bi-lingual cargo company Miami and the Virgin Islands are our two office locations. Tenemos agentes de compra en Miami. Call now.","breadcrumb":{"@id":"https:\/\/jmlcorporation.com\/espanol\/company\/#breadcrumb"},"inLanguage":"en-US","potentialAction":[{"@type":"ReadAction","target":["https:\/\/jmlcorporation.com\/espanol\/company\/"]}]},{"@type":"BreadcrumbList","@id":"https:\/\/jmlcorporation.com\/espanol\/company\/#breadcrumb","itemListElement":[{"@type":"ListItem","position":1,"name":"Home","item":"https:\/\/jmlcorporation.com\/espanol\/"},{"@type":"ListItem","position":2,"name":"Empresa"}]},{"@type":"WebSite","@id":"https:\/\/jmlcorporation.com\/espanol\/#website","url":"https:\/\/jmlcorporation.com\/espanol\/","name":"JML Corporation","description":"Cargo Services Miami - BVI","publisher":{"@id":"https:\/\/jmlcorporation.com\/espanol\/#organization"},"potentialAction":[{"@type":"SearchAction","target":{"@type":"EntryPoint","urlTemplate":"https:\/\/jmlcorporation.com\/espanol\/?s={search_term_string}"},"query-input":{"@type":"PropertyValueSpecification","valueRequired":true,"valueName":"search_term_string"}}],"inLanguage":"en-US"},{"@type":"Organization","@id":"https:\/\/jmlcorporation.com\/espanol\/#organization","name":"JML Corpporation","url":"https:\/\/jmlcorporation.com\/espanol\/","logo":{"@type":"ImageObject","inLanguage":"en-US","@id":"https:\/\/jmlcorporation.com\/espanol\/#\/schema\/logo\/image\/","url":"https:\/\/jmlcorporation.com\/espanol\/wp-content\/uploads\/sites\/3\/2015\/05\/jml-logo-icon-152.png","contentUrl":"https:\/\/jmlcorporation.com\/espanol\/wp-content\/uploads\/sites\/3\/2015\/05\/jml-logo-icon-152.png","width":152,"height":152,"caption":"JML Corpporation"},"image":{"@id":"https:\/\/jmlcorporation.com\/espanol\/#\/schema\/logo\/image\/"},"sameAs":["https:\/\/www.facebook.com\/pages\/JML-Cargo-Logistics\/259834600847493"]}]}},"jetpack_sharing_enabled":true,"_links":{"self":[{"href":"https:\/\/jmlcorporation.com\/espanol\/wp-json\/wp\/v2\/pages\/15","targetHints":{"allow":["GET"]}}],"collection":[{"href":"https:\/\/jmlcorporation.com\/espanol\/wp-json\/wp\/v2\/pages"}],"about":[{"href":"https:\/\/jmlcorporation.com\/espanol\/wp-json\/wp\/v2\/types\/page"}],"author":[{"embeddable":true,"href":"https:\/\/jmlcorporation.com\/espanol\/wp-json\/wp\/v2\/users\/1"}],"replies":[{"embeddable":true,"href":"https:\/\/jmlcorporation.com\/espanol\/wp-json\/wp\/v2\/comments?post=15"}],"version-history":[{"count":0,"href":"https:\/\/jmlcorporation.com\/espanol\/wp-json\/wp\/v2\/pages\/15\/revisions"}],"wp:attachment":[{"href":"https:\/\/jmlcorporation.com\/espanol\/wp-json\/wp\/v2\/media?parent=15"}],"curies":[{"name":"wp","href":"https:\/\/api.w.org\/{rel}","templated":true}]}}