{"id":2,"date":"2013-11-26T19:02:41","date_gmt":"2013-11-26T19:02:41","guid":{"rendered":"http:\/\/jmlcorporation.com\/?page_id=2"},"modified":"2023-06-27T11:49:04","modified_gmt":"2023-06-27T16:49:04","slug":"sample-page","status":"publish","type":"page","link":"https:\/\/jmlcorporation.com\/espanol\/","title":{"rendered":"Home"},"content":{"rendered":"<div class=\"wpb-content-wrapper\">[vc_row parallax=&#8221;content-moving&#8221; parallax_image=&#8221;667&#8243; parallax_speed_bg=&#8221;2&#8243;][vc_column][vc_column_text css=&#8221;.vc_custom_1553876859793{margin-top: 140px !important;margin-bottom: 120px !important;}&#8221;]\n<h4 style=\"text-align: center;\">Comprometidos a brindar soluciones din\u00e1micas<br \/>\nR\u00e1pido<\/h4>\n[\/vc_column_text][\/vc_column][\/vc_row][vc_row css=&#8221;.vc_custom_1467064902220{padding-top: 100px !important;padding-right: 10% !important;padding-bottom: 80px !important;padding-left: 10% !important;}&#8221;][vc_column][vc_column_text el_class=&#8221;home-content&#8221;]\n<h1 style=\"text-align: center;\">Su soluci\u00f3n personal de env\u00edo<\/h1>\n<div class=\"left_67\"><\/div>\n<div id=\"Schema\" style=\"display: none;\">1 JML<br \/>\nRoad Town, Tortola VG1110, British Virgin Islands<br \/>\n284-494-8583<br \/>\n284-342-8844<br \/>\njmldeliverit@jmlbvi.com<\/div>\n[\/vc_column_text][vc_column_text el_class=&#8221;excerpt&#8221; css=&#8221;.vc_custom_1469142914087{margin-top: 15px !important;margin-bottom: 15px !important;}&#8221;]\n<p style=\"text-align: center;\">Compre en l\u00ednea con confianza desde cualquier lugar y env\u00ede a su direcci\u00f3n de Miami, con las opciones de transporte por mar o por aire le enviaremos su carga a las Islas V\u00edrgenes Brit\u00e1nicas o a cualquier otro lugar.<\/p>\n[\/vc_column_text][vc_column_text]\n<p style=\"text-align: center;\">Con las tarifas m\u00e1s bajas y el personal m\u00e1s amable, 1 JML Corporation tambi\u00e9n puede consolidar sus env\u00edos.<br \/>\n1 JML Corporation ofrece servicios de entrega internacional, agente de compras, y agente de transporte. Con oficinas ubicadas tanto en Miami como en las Islas V\u00edrgenes Brit\u00e1nicas, estamos en capacidad de ofrecerle una amplia cobertura en los Estados Unidos. y en m\u00e1s de 120 destinos en Am\u00e9rica Latina y el Caribe, con salidas diarias y semanales. Nos especializamos en la consolidaci\u00f3n de la carga a granel, por lo tanto, tenemos un almac\u00e9n de recepci\u00f3n de 14.600 pies cuadrados en Miami, Florida.<\/p>\n[\/vc_column_text][\/vc_column][\/vc_row][vc_row css=&#8221;.vc_custom_1467064911711{padding-top: 75px !important;padding-right: 10% !important;padding-bottom: 75px !important;padding-left: 10% !important;background-color: #ffffff !important;}&#8221;][vc_column][vc_column_text]\n<h2 style=\"text-align: center;\">Servicios de Nuestra Compa\u00f1\u00eda<\/h2>\n[\/vc_column_text][vc_separator color=&#8221;custom&#8221; border_width=&#8221;3&#8243; el_width=&#8221;10&#8243; accent_color=&#8221;#f2682e&#8221; css=&#8221;.vc_custom_1467066532807{padding-top: 15px !important;padding-bottom: 30px !important;}&#8221;][vc_row_inner][vc_column_inner width=&#8221;1\/3&#8243; css=&#8221;.vc_custom_1467141795997{margin-bottom: 35px !important;}&#8221;][vc_single_image image=&#8221;668&#8243; alignment=&#8221;center&#8221; onclick=&#8221;custom_link&#8221; img_hover=&#8221;fade-out&#8221; link=&#8221;https:\/\/jmlcorporation.com\/espanol\/british-virgin-islands\/&#8221;][vc_column_text css=&#8221;.vc_custom_1467411096602{margin-top: 30px !important;margin-bottom: 15px !important;}&#8221;]\n<h3 style=\"text-align: center;\">1 JML DeliverIT<\/h3>\n[\/vc_column_text][vc_column_text]\n<p style=\"text-align: center;\">1 JML DeliverIT es una empresa dedicada a ofrecer soluciones para todo tipo de log\u00edstica y transporte de mercanc\u00edas.<\/p>\n[\/vc_column_text][\/vc_column_inner][vc_column_inner width=&#8221;1\/3&#8243; css=&#8221;.vc_custom_1467141801858{margin-bottom: 35px !important;}&#8221;][vc_single_image image=&#8221;669&#8243; alignment=&#8221;center&#8221; onclick=&#8221;custom_link&#8221; img_hover=&#8221;fade-out&#8221; link=&#8221;https:\/\/jmlcorporation.com\/espanol\/jml-shipping-line\/&#8221;][vc_column_text css=&#8221;.vc_custom_1553876971348{margin-top: 30px !important;margin-bottom: 15px !important;}&#8221;]\n<h3 style=\"text-align: center;\">1 JML Corporation<\/h3>\n[\/vc_column_text][vc_column_text]\n<p style=\"text-align: center;\">1 JML Corporation Naviera cuenta con licencia garantida de flete mar\u00edtimo NVOCC\/US promoviendo la prestaci\u00f3n de servicios desde y hacia Miami, con los puertos de todo el mundo.<\/p>\n[\/vc_column_text][\/vc_column_inner][vc_column_inner width=&#8221;1\/3&#8243; css=&#8221;.vc_custom_1467141807865{margin-bottom: 35px !important;}&#8221;][vc_single_image image=&#8221;753&#8243; alignment=&#8221;center&#8221; onclick=&#8221;custom_link&#8221; img_hover=&#8221;fade-out&#8221; link=&#8221;https:\/\/jmlcorporation.com\/espanol\/jml-online\/&#8221;][vc_column_text css=&#8221;.vc_custom_1470431854649{margin-top: 30px !important;margin-bottom: 15px !important;}&#8221;]\n<h3 style=\"text-align: center;\">1 JML En L\u00ednea<\/h3>\n[\/vc_column_text][vc_column_text]\n<p style=\"text-align: center;\">Ahora usted puede hacer compras directas utilizando su tarjeta de cr\u00e9dito y tener el art\u00edculo entregado a nuestra direcci\u00f3n en Miami.<\/p>\n[\/vc_column_text][\/vc_column_inner][\/vc_row_inner][\/vc_column][\/vc_row][vc_row parallax=&#8221;content-moving&#8221; parallax_image=&#8221;671&#8243; parallax_speed_bg=&#8221;2&#8243; typography_style=&#8221;white&#8221; center_row=&#8221;yes&#8221; css=&#8221;.vc_custom_1467064921578{padding-top: 75px !important;padding-right: 10% !important;padding-bottom: 75px !important;padding-left: 10% !important;}&#8221;][vc_column][vc_column_text]\n<h2 style=\"text-align: center;\"><span style=\"color: #ffffff;\">Consulta R\u00e1pida<\/span><\/h2>\n[\/vc_column_text][vc_separator color=&#8221;custom&#8221; border_width=&#8221;3&#8243; el_width=&#8221;10&#8243; accent_color=&#8221;#1e1a17&#8243; css=&#8221;.vc_custom_1467066612615{padding-top: 15px !important;padding-bottom: 30px !important;}&#8221;][vc_column_text el_class=&#8221;excerpt&#8221; css=&#8221;.vc_custom_1469143021675{margin-top: 15px !important;margin-bottom: 30px !important;}&#8221;]\n<p style=\"text-align: center;\">Por favor llene el siguiente formulario con sus requerimientos y le enviaremos un estimado:<\/p>\n[\/vc_column_text][vc_row_inner][vc_column_inner width=&#8221;1\/6&#8243;][\/vc_column_inner][vc_column_inner width=&#8221;2\/3&#8243;][vc_raw_html]JTVCZm9ybWluYXRvcl9mb3JtJTIwaWQlM0QlMjIxMDgzJTIyJTVE[\/vc_raw_html][\/vc_column_inner][vc_column_inner width=&#8221;1\/6&#8243;][\/vc_column_inner][\/vc_row_inner][vc_row_inner disable_element=&#8221;yes&#8221;][vc_column_inner width=&#8221;1\/6&#8243;][\/vc_column_inner][vc_column_inner width=&#8221;2\/3&#8243;][vc_raw_js]JTNDc2NyaXB0JTIwdHlwZSUzRCUyMnRleHQlMkZqYXZhc2NyaXB0JTIyJTIwc3JjJTNEJTIyaHR0cHMlM0ElMkYlMkZpYmlzc3RhY2suZm9ybXN0YWNrLmNvbSUyRmZvcm1zJTJGanMucGhwJTJGam1sX3NwYW5pc2hfZm9ybSUyMiUzRSUzQyUyRnNjcmlwdCUzRSUzQ25vc2NyaXB0JTNFJTNDYSUyMGhyZWYlM0QlMjJodHRwcyUzQSUyRiUyRmliaXNzdGFjay5mb3Jtc3RhY2suY29tJTJGZm9ybXMlMkZqbWxfc3BhbmlzaF9mb3JtJTIyJTIwdGl0bGUlM0QlMjJPbmxpbmUlMjBGb3JtJTIyJTNFT25saW5lJTIwRm9ybSUyMC0lMjBqbWwtc3BhbmlzaC1mb3JtJTNDJTJGYSUzRSUzQyUyRm5vc2NyaXB0JTNF[\/vc_raw_js][\/vc_column_inner][vc_column_inner width=&#8221;1\/6&#8243;][\/vc_column_inner][\/vc_row_inner][\/vc_column][\/vc_row]\n<\/div>","protected":false},"excerpt":{"rendered":"<p>[vc_row parallax=&#8221;content-moving&#8221; parallax_image=&#8221;667&#8243; parallax_speed_bg=&#8221;2&#8243;][vc_column][vc_column_text css=&#8221;.vc_custom_1553876859793{margin-top: 140px !important;margin-bottom: 120px !important;}&#8221;] Comprometidos a brindar soluciones din\u00e1micas R\u00e1pido [\/vc_column_text][\/vc_column][\/vc_row][vc_row css=&#8221;.vc_custom_1467064902220{padding-top: 100px !important;padding-right: 10% !important;padding-bottom: 80px !important;padding-left: 10% !important;}&#8221;][vc_column][vc_column_text el_class=&#8221;home-content&#8221;] Su soluci\u00f3n personal de env\u00edo 1 JML Road Town, Tortola VG1110, British Virgin Islands 284-494-8583 284-342-8844 jmldeliverit@jmlbvi.com [\/vc_column_text][vc_column_text el_class=&#8221;excerpt&#8221; css=&#8221;.vc_custom_1469142914087{margin-top: 15px !important;margin-bottom: 15px !important;}&#8221;] Compre en l\u00ednea con confianza&hellip;<\/p>\n","protected":false},"author":1,"featured_media":0,"parent":0,"menu_order":0,"comment_status":"closed","ping_status":"closed","template":"","meta":{"footnotes":""},"class_list":["post-2","page","type-page","status-publish","hentry","entry","no-media"],"yoast_head":"<!-- This site is optimized with the Yoast SEO plugin v27.4 - https:\/\/yoast.com\/product\/yoast-seo-wordpress\/ -->\n<title>Purchasing Agents in USA with Experience | JML Cargo &amp; Logistics<\/title>\n<meta name=\"description\" content=\"Purchasing Agents in USA With Caribbean, US, and Latin American cargo shipment and more, JML Cargo &amp; Logistics is your solution to international shipping. Click now to learn more.\" \/>\n<meta name=\"robots\" content=\"index, follow, max-snippet:-1, max-image-preview:large, max-video-preview:-1\" \/>\n<link rel=\"canonical\" href=\"https:\/\/jmlcorporation.com\/espanol\/\" \/>\n<meta property=\"og:locale\" content=\"en_US\" \/>\n<meta property=\"og:type\" content=\"article\" \/>\n<meta property=\"og:title\" content=\"Purchasing Agents in USA with Experience | JML Cargo &amp; Logistics\" \/>\n<meta property=\"og:description\" content=\"Purchasing Agents in USA With Caribbean, US, and Latin American cargo shipment and more, JML Cargo &amp; Logistics is your solution to international shipping. Click now to learn more.\" \/>\n<meta property=\"og:url\" content=\"https:\/\/jmlcorporation.com\/espanol\/\" \/>\n<meta property=\"og:site_name\" content=\"JML Corporation Espa\u00f1ol\" \/>\n<meta property=\"article:publisher\" content=\"https:\/\/www.facebook.com\/pages\/JML-Cargo-Logistics\/259834600847493\" \/>\n<meta property=\"article:modified_time\" content=\"2023-06-27T16:49:04+00:00\" \/>\n<meta name=\"twitter:card\" content=\"summary_large_image\" \/>\n<meta name=\"twitter:label1\" content=\"Est. reading time\" \/>\n\t<meta name=\"twitter:data1\" content=\"2 minutes\" \/>\n<script type=\"application\/ld+json\" class=\"yoast-schema-graph\">{\"@context\":\"https:\\\/\\\/schema.org\",\"@graph\":[{\"@type\":\"WebPage\",\"@id\":\"https:\\\/\\\/jmlcorporation.com\\\/espanol\\\/\",\"url\":\"https:\\\/\\\/jmlcorporation.com\\\/espanol\\\/\",\"name\":\"Purchasing Agents in USA with Experience | JML Cargo & Logistics\",\"isPartOf\":{\"@id\":\"https:\\\/\\\/jmlcorporation.com\\\/espanol\\\/#website\"},\"datePublished\":\"2013-11-26T19:02:41+00:00\",\"dateModified\":\"2023-06-27T16:49:04+00:00\",\"description\":\"Purchasing Agents in USA With Caribbean, US, and Latin American cargo shipment and more, JML Cargo & Logistics is your solution to international shipping. Click now to learn more.\",\"breadcrumb\":{\"@id\":\"https:\\\/\\\/jmlcorporation.com\\\/espanol\\\/#breadcrumb\"},\"inLanguage\":\"en-US\",\"potentialAction\":[{\"@type\":\"ReadAction\",\"target\":[\"https:\\\/\\\/jmlcorporation.com\\\/espanol\\\/\"]}]},{\"@type\":\"BreadcrumbList\",\"@id\":\"https:\\\/\\\/jmlcorporation.com\\\/espanol\\\/#breadcrumb\",\"itemListElement\":[{\"@type\":\"ListItem\",\"position\":1,\"name\":\"Home\",\"item\":\"https:\\\/\\\/jmlcorporation.com\\\/espanol\\\/\"},{\"@type\":\"ListItem\",\"position\":2,\"name\":\"Home\"}]},{\"@type\":\"WebSite\",\"@id\":\"https:\\\/\\\/jmlcorporation.com\\\/espanol\\\/#website\",\"url\":\"https:\\\/\\\/jmlcorporation.com\\\/espanol\\\/\",\"name\":\"JML Corporation\",\"description\":\"Cargo Services Miami - BVI\",\"publisher\":{\"@id\":\"https:\\\/\\\/jmlcorporation.com\\\/espanol\\\/#organization\"},\"potentialAction\":[{\"@type\":\"SearchAction\",\"target\":{\"@type\":\"EntryPoint\",\"urlTemplate\":\"https:\\\/\\\/jmlcorporation.com\\\/espanol\\\/?s={search_term_string}\"},\"query-input\":{\"@type\":\"PropertyValueSpecification\",\"valueRequired\":true,\"valueName\":\"search_term_string\"}}],\"inLanguage\":\"en-US\"},{\"@type\":\"Organization\",\"@id\":\"https:\\\/\\\/jmlcorporation.com\\\/espanol\\\/#organization\",\"name\":\"JML Corpporation\",\"url\":\"https:\\\/\\\/jmlcorporation.com\\\/espanol\\\/\",\"logo\":{\"@type\":\"ImageObject\",\"inLanguage\":\"en-US\",\"@id\":\"https:\\\/\\\/jmlcorporation.com\\\/espanol\\\/#\\\/schema\\\/logo\\\/image\\\/\",\"url\":\"https:\\\/\\\/jmlcorporation.com\\\/espanol\\\/wp-content\\\/uploads\\\/sites\\\/3\\\/2015\\\/05\\\/jml-logo-icon-152.png\",\"contentUrl\":\"https:\\\/\\\/jmlcorporation.com\\\/espanol\\\/wp-content\\\/uploads\\\/sites\\\/3\\\/2015\\\/05\\\/jml-logo-icon-152.png\",\"width\":152,\"height\":152,\"caption\":\"JML Corpporation\"},\"image\":{\"@id\":\"https:\\\/\\\/jmlcorporation.com\\\/espanol\\\/#\\\/schema\\\/logo\\\/image\\\/\"},\"sameAs\":[\"https:\\\/\\\/www.facebook.com\\\/pages\\\/JML-Cargo-Logistics\\\/259834600847493\"]}]}<\/script>\n<!-- \/ Yoast SEO plugin. -->","yoast_head_json":{"title":"Purchasing Agents in USA with Experience | JML Cargo & Logistics","description":"Purchasing Agents in USA With Caribbean, US, and Latin American cargo shipment and more, JML Cargo & Logistics is your solution to international shipping. Click now to learn more.","robots":{"index":"index","follow":"follow","max-snippet":"max-snippet:-1","max-image-preview":"max-image-preview:large","max-video-preview":"max-video-preview:-1"},"canonical":"https:\/\/jmlcorporation.com\/espanol\/","og_locale":"en_US","og_type":"article","og_title":"Purchasing Agents in USA with Experience | JML Cargo & Logistics","og_description":"Purchasing Agents in USA With Caribbean, US, and Latin American cargo shipment and more, JML Cargo & Logistics is your solution to international shipping. Click now to learn more.","og_url":"https:\/\/jmlcorporation.com\/espanol\/","og_site_name":"JML Corporation Espa\u00f1ol","article_publisher":"https:\/\/www.facebook.com\/pages\/JML-Cargo-Logistics\/259834600847493","article_modified_time":"2023-06-27T16:49:04+00:00","twitter_card":"summary_large_image","twitter_misc":{"Est. reading time":"2 minutes"},"schema":{"@context":"https:\/\/schema.org","@graph":[{"@type":"WebPage","@id":"https:\/\/jmlcorporation.com\/espanol\/","url":"https:\/\/jmlcorporation.com\/espanol\/","name":"Purchasing Agents in USA with Experience | JML Cargo & Logistics","isPartOf":{"@id":"https:\/\/jmlcorporation.com\/espanol\/#website"},"datePublished":"2013-11-26T19:02:41+00:00","dateModified":"2023-06-27T16:49:04+00:00","description":"Purchasing Agents in USA With Caribbean, US, and Latin American cargo shipment and more, JML Cargo & Logistics is your solution to international shipping. Click now to learn more.","breadcrumb":{"@id":"https:\/\/jmlcorporation.com\/espanol\/#breadcrumb"},"inLanguage":"en-US","potentialAction":[{"@type":"ReadAction","target":["https:\/\/jmlcorporation.com\/espanol\/"]}]},{"@type":"BreadcrumbList","@id":"https:\/\/jmlcorporation.com\/espanol\/#breadcrumb","itemListElement":[{"@type":"ListItem","position":1,"name":"Home","item":"https:\/\/jmlcorporation.com\/espanol\/"},{"@type":"ListItem","position":2,"name":"Home"}]},{"@type":"WebSite","@id":"https:\/\/jmlcorporation.com\/espanol\/#website","url":"https:\/\/jmlcorporation.com\/espanol\/","name":"JML Corporation","description":"Cargo Services Miami - BVI","publisher":{"@id":"https:\/\/jmlcorporation.com\/espanol\/#organization"},"potentialAction":[{"@type":"SearchAction","target":{"@type":"EntryPoint","urlTemplate":"https:\/\/jmlcorporation.com\/espanol\/?s={search_term_string}"},"query-input":{"@type":"PropertyValueSpecification","valueRequired":true,"valueName":"search_term_string"}}],"inLanguage":"en-US"},{"@type":"Organization","@id":"https:\/\/jmlcorporation.com\/espanol\/#organization","name":"JML Corpporation","url":"https:\/\/jmlcorporation.com\/espanol\/","logo":{"@type":"ImageObject","inLanguage":"en-US","@id":"https:\/\/jmlcorporation.com\/espanol\/#\/schema\/logo\/image\/","url":"https:\/\/jmlcorporation.com\/espanol\/wp-content\/uploads\/sites\/3\/2015\/05\/jml-logo-icon-152.png","contentUrl":"https:\/\/jmlcorporation.com\/espanol\/wp-content\/uploads\/sites\/3\/2015\/05\/jml-logo-icon-152.png","width":152,"height":152,"caption":"JML Corpporation"},"image":{"@id":"https:\/\/jmlcorporation.com\/espanol\/#\/schema\/logo\/image\/"},"sameAs":["https:\/\/www.facebook.com\/pages\/JML-Cargo-Logistics\/259834600847493"]}]}},"jetpack_sharing_enabled":true,"_links":{"self":[{"href":"https:\/\/jmlcorporation.com\/espanol\/wp-json\/wp\/v2\/pages\/2","targetHints":{"allow":["GET"]}}],"collection":[{"href":"https:\/\/jmlcorporation.com\/espanol\/wp-json\/wp\/v2\/pages"}],"about":[{"href":"https:\/\/jmlcorporation.com\/espanol\/wp-json\/wp\/v2\/types\/page"}],"author":[{"embeddable":true,"href":"https:\/\/jmlcorporation.com\/espanol\/wp-json\/wp\/v2\/users\/1"}],"replies":[{"embeddable":true,"href":"https:\/\/jmlcorporation.com\/espanol\/wp-json\/wp\/v2\/comments?post=2"}],"version-history":[{"count":0,"href":"https:\/\/jmlcorporation.com\/espanol\/wp-json\/wp\/v2\/pages\/2\/revisions"}],"wp:attachment":[{"href":"https:\/\/jmlcorporation.com\/espanol\/wp-json\/wp\/v2\/media?parent=2"}],"curies":[{"name":"wp","href":"https:\/\/api.w.org\/{rel}","templated":true}]}}