{"id":685,"date":"2016-06-28T13:45:36","date_gmt":"2016-06-28T18:45:36","guid":{"rendered":"http:\/\/jmlcorporation.com\/?page_id=685"},"modified":"2019-03-29T11:42:34","modified_gmt":"2019-03-29T16:42:34","slug":"dominican-republic","status":"publish","type":"page","link":"https:\/\/jmlcorporation.com\/espanol\/dominican-republic\/","title":{"rendered":"Rep\u00fablica Dominicana"},"content":{"rendered":"<div class=\"wpb-content-wrapper\">[vc_row parallax=&#8221;content-moving&#8221; parallax_image=&#8221;712&#8243; parallax_speed_bg=&#8221;2.5&#8243;][vc_column][vc_column_text css=&#8221;.vc_custom_1470340314577{padding-top: 100px !important;padding-bottom: 100px !important;}&#8221;]\n<h1 style=\"text-align: center;\"><span style=\"color: #ffffff;\">JML DeliverIT<\/span> <span style=\"color: #f2682e;\">&gt; Rep\u00fablica Dominicana<\/span><\/h1>\n[\/vc_column_text][\/vc_column][\/vc_row][vc_row css=&#8221;.vc_custom_1467065629241{padding-top: 75px !important;padding-right: 10% !important;padding-bottom: 75px !important;padding-left: 10% !important;background-color: #ffffff !important;}&#8221;][vc_column padding_left=&#8221;21px&#8221;][vc_row_inner][vc_column_inner width=&#8221;1\/2&#8243;][vc_column_text]\n<h2>Introducci\u00f3n<\/h2>\n[\/vc_column_text][vc_separator color=&#8221;custom&#8221; align=&#8221;align_left&#8221; border_width=&#8221;3&#8243; el_width=&#8221;10&#8243; accent_color=&#8221;#f2682e&#8221; css=&#8221;.vc_custom_1467148313168{padding-top: 15px !important;padding-bottom: 30px !important;}&#8221;][vc_column_text el_class=&#8221;excerpt&#8221; css=&#8221;.vc_custom_1470341045269{margin-bottom: 30px !important;}&#8221;]JML DeliverIT Rep\u00fablica Dominicana es una empresa dedicada a ofrecer soluciones para todo tipo de log\u00edstica y transporte de mercanc\u00edas.[\/vc_column_text][vc_column_text]JML ha sido una empresa consolidada por m\u00e1s de ocho a\u00f1os, que inici\u00f3 sus operaciones en las Islas V\u00edrgenes Brit\u00e1nicas y en la actualidad es l\u00edder del mercado.<\/p>\n<p>JML ha ampliado recientemente su alcance para proporcionar su oferta de servicios en la Rep\u00fablica Dominicana, donde ya tenemos una oficina central de operaciones. Con expectativas de pronto convertirnos en una de las principales opciones de Rep\u00fablica Dominicana.[\/vc_column_text][\/vc_column_inner][vc_column_inner width=&#8221;1\/2&#8243;][vc_column_text]\n<h3>Servicios<\/h3>\n[\/vc_column_text]<div class=\"vcex-spacing wpex-w-100 wpex-clear\"><\/div>[vc_column_text el_class=&#8221;excerpt&#8221;]Servicio de correo a\u00e9reo[\/vc_column_text][vc_column_text]Tenemos entrega puerta a puerta y la tasa de mercado m\u00e1s asequible del mercado.[\/vc_column_text]<div class=\"vcex-spacing wpex-w-100 wpex-clear\" style=\"height:15px;\"><\/div>[vc_column_text el_class=&#8221;excerpt&#8221;]Alquiler de contenedores para transporte mar\u00edtimo[\/vc_column_text][vc_column_text]Operamos con una alta gama de contenedores, de\u00a020, 40 y 45 pies, o m\u00e1s bajo encargo.[\/vc_column_text]<div class=\"vcex-spacing wpex-w-100 wpex-clear\" style=\"height:15px;\"><\/div>[vc_column_text el_class=&#8221;excerpt&#8221;]Servicios de agente de aduanas[\/vc_column_text][vc_column_text]Contamos con un personal altamente capacitado para manejar todos los procedimientos aduaneros, pago de impuestos, entre otros. Tanto para nuestros contenedores y los de particulares.[\/vc_column_text]<div class=\"vcex-spacing wpex-w-100 wpex-clear\" style=\"height:15px;\"><\/div>[vc_column_text el_class=&#8221;excerpt&#8221;]Agentes de Compras[\/vc_column_text][vc_column_text]Nuestro equipo dispone de asistencia al comprar en l\u00ednea, usted puede contactar nuestras oficinas y nosotros hacemos las compras por usted.[\/vc_column_text]<div class=\"vcex-spacing wpex-w-100 wpex-clear\" style=\"height:15px;\"><\/div>[vc_column_text el_class=&#8221;excerpt&#8221;]Servicio de mudanza personal de Estados Unidos a Santo Domingo[\/vc_column_text][vc_column_text]Ofrecemos precios especiales para los residentes dominicanos que viven en los EE.UU. que quieran mudarse a la Rep\u00fablica Dominicana. Nuestro servicio incluye el manejo de toda la documentaci\u00f3n requerida para el proceso. Nuestro servicio incluye el manejo de toda la documentaci\u00f3n requerida para el proceso.[\/vc_column_text]<div class=\"vcex-spacing wpex-w-100 wpex-clear\" style=\"height:15px;\"><\/div>[vc_column_text el_class=&#8221;excerpt&#8221;]Entrega en cualquier lugar del pa\u00eds[\/vc_column_text][vc_column_text]Tenemos las mejores opciones de entrega en cualquier parte del pa\u00eds.[\/vc_column_text]<div class=\"vcex-spacing wpex-w-100 wpex-clear\" style=\"height:15px;\"><\/div>[vc_column_text el_class=&#8221;excerpt&#8221;]Env\u00edo de productos congelados y\/o perecederos[\/vc_column_text][vc_column_text]Tenemos un servicio exclusivo para el env\u00edo de carga congelada y\/o perecedera, lo que proporciona una soluci\u00f3n r\u00e1pida para sus necesidades empresariales.[\/vc_column_text][\/vc_column_inner][\/vc_row_inner]<div class=\"vcex-spacing wpex-w-100 wpex-clear\"><\/div>[vc_row_inner css=&#8221;.vc_custom_1467150602847{padding-bottom: 30px !important;background-color: #fbfbfb !important;}&#8221;][vc_column_inner][vc_column_text]\n<h3 style=\"text-align: center;\">Cree su cuenta con nosotros, solicite su direcci\u00f3n en los EE.UU. y lleve su mercanc\u00eda.<\/h3>\n[\/vc_column_text][\/vc_column_inner][\/vc_row_inner][\/vc_column][\/vc_row][vc_row parallax=&#8221;content-moving&#8221; parallax_image=&#8221;671&#8243; parallax_speed_bg=&#8221;2&#8243; typography_style=&#8221;white&#8221; center_row=&#8221;yes&#8221; css=&#8221;.vc_custom_1467064921578{padding-top: 75px !important;padding-right: 10% !important;padding-bottom: 75px !important;padding-left: 10% !important;}&#8221;][vc_column][vc_column_text]\n<h2 style=\"text-align: center;\"><span style=\"color: #ffffff;\">Consulta R\u00e1pida<\/span><\/h2>\n[\/vc_column_text][vc_separator color=&#8221;custom&#8221; border_width=&#8221;3&#8243; el_width=&#8221;10&#8243; accent_color=&#8221;#1e1a17&#8243; css=&#8221;.vc_custom_1467066612615{padding-top: 15px !important;padding-bottom: 30px !important;}&#8221;][vc_column_text el_class=&#8221;excerpt&#8221; css=&#8221;.vc_custom_1469144434932{margin-top: 15px !important;margin-bottom: 30px !important;}&#8221;]\n<p style=\"text-align: center;\">Obtenga un estimado detallado. Cliquee el bot\u00f3n y llene el formulario. Le responderemos a la brevedad posible.<\/p>\n[\/vc_column_text]<div class=\"theme-button-wrap textcenter theme-button-block-wrap wpex-block wpex-clear wpex-clr\"><a href=\"http:\/\/jmlcorporation.com\/espanol\/contact\/\" class=\"vcex-button theme-button flat align-center block\" style=\"background:#1e1a17;padding:10px 45px;color:#f5f3f4;font-size:16px;font-weight:300;border-radius:0px;font-family:Ubuntu;\" data-wpex-hover='{&quot;background&quot;:&quot;#000000&quot;,&quot;color&quot;:&quot;#ffffff&quot;}' title=\"Solicite un Estimado\"><span class=\"vcex-button-inner theme-button-inner\">Solicite un Estimado<\/span><\/a><\/div> [\/vc_column][\/vc_row]\n<\/div>","protected":false},"excerpt":{"rendered":"<p>[vc_row parallax=&#8221;content-moving&#8221; parallax_image=&#8221;712&#8243; parallax_speed_bg=&#8221;2.5&#8243;][vc_column][vc_column_text css=&#8221;.vc_custom_1470340314577{padding-top: 100px !important;padding-bottom: 100px !important;}&#8221;] JML DeliverIT &gt; Rep\u00fablica Dominicana [\/vc_column_text][\/vc_column][\/vc_row][vc_row css=&#8221;.vc_custom_1467065629241{padding-top: 75px !important;padding-right: 10% !important;padding-bottom: 75px !important;padding-left: 10% !important;background-color: #ffffff !important;}&#8221;][vc_column padding_left=&#8221;21px&#8221;][vc_row_inner][vc_column_inner width=&#8221;1\/2&#8243;][vc_column_text] Introducci\u00f3n [\/vc_column_text][vc_separator color=&#8221;custom&#8221; align=&#8221;align_left&#8221; border_width=&#8221;3&#8243; el_width=&#8221;10&#8243; accent_color=&#8221;#f2682e&#8221; css=&#8221;.vc_custom_1467148313168{padding-top: 15px !important;padding-bottom: 30px !important;}&#8221;][vc_column_text el_class=&#8221;excerpt&#8221; css=&#8221;.vc_custom_1470341045269{margin-bottom: 30px !important;}&#8221;]JML DeliverIT Rep\u00fablica Dominicana es una empresa dedicada a ofrecer soluciones para&hellip;<\/p>\n","protected":false},"author":1,"featured_media":0,"parent":0,"menu_order":0,"comment_status":"closed","ping_status":"closed","template":"","meta":{"footnotes":""},"class_list":["post-685","page","type-page","status-publish","hentry","entry","no-media"],"yoast_head":"<!-- This site is optimized with the Yoast SEO plugin v27.3 - https:\/\/yoast.com\/product\/yoast-seo-wordpress\/ -->\n<title>Envios a Rep\u00fablica Dominicana - JML Corporation<\/title>\n<meta name=\"description\" content=\"Empresa de Envios a Rep\u00fablica Dominicana - JML Corporation, una empresa dedicada a ofrecer soluciones para todo tipo de log\u00edstica y transporte de mercanc\u00edas\" \/>\n<meta name=\"robots\" content=\"index, follow, max-snippet:-1, max-image-preview:large, max-video-preview:-1\" \/>\n<link rel=\"canonical\" href=\"https:\/\/jmlcorporation.com\/espanol\/dominican-republic\/\" \/>\n<meta property=\"og:locale\" content=\"en_US\" \/>\n<meta property=\"og:type\" content=\"article\" \/>\n<meta property=\"og:title\" content=\"Envios a Rep\u00fablica Dominicana - JML Corporation\" \/>\n<meta property=\"og:description\" content=\"Empresa de Envios a Rep\u00fablica Dominicana - JML Corporation, una empresa dedicada a ofrecer soluciones para todo tipo de log\u00edstica y transporte de mercanc\u00edas\" \/>\n<meta property=\"og:url\" content=\"https:\/\/jmlcorporation.com\/espanol\/dominican-republic\/\" \/>\n<meta property=\"og:site_name\" content=\"JML Corporation Espa\u00f1ol\" \/>\n<meta property=\"article:publisher\" content=\"https:\/\/www.facebook.com\/pages\/JML-Cargo-Logistics\/259834600847493\" \/>\n<meta property=\"article:modified_time\" content=\"2019-03-29T16:42:34+00:00\" \/>\n<meta name=\"twitter:card\" content=\"summary_large_image\" \/>\n<meta name=\"twitter:label1\" content=\"Est. reading time\" \/>\n\t<meta name=\"twitter:data1\" content=\"4 minutes\" \/>\n<script type=\"application\/ld+json\" class=\"yoast-schema-graph\">{\"@context\":\"https:\\\/\\\/schema.org\",\"@graph\":[{\"@type\":\"WebPage\",\"@id\":\"https:\\\/\\\/jmlcorporation.com\\\/espanol\\\/dominican-republic\\\/\",\"url\":\"https:\\\/\\\/jmlcorporation.com\\\/espanol\\\/dominican-republic\\\/\",\"name\":\"Envios a Rep\u00fablica Dominicana - JML Corporation\",\"isPartOf\":{\"@id\":\"https:\\\/\\\/jmlcorporation.com\\\/espanol\\\/#website\"},\"datePublished\":\"2016-06-28T18:45:36+00:00\",\"dateModified\":\"2019-03-29T16:42:34+00:00\",\"description\":\"Empresa de Envios a Rep\u00fablica Dominicana - JML Corporation, una empresa dedicada a ofrecer soluciones para todo tipo de log\u00edstica y transporte de mercanc\u00edas\",\"breadcrumb\":{\"@id\":\"https:\\\/\\\/jmlcorporation.com\\\/espanol\\\/dominican-republic\\\/#breadcrumb\"},\"inLanguage\":\"en-US\",\"potentialAction\":[{\"@type\":\"ReadAction\",\"target\":[\"https:\\\/\\\/jmlcorporation.com\\\/espanol\\\/dominican-republic\\\/\"]}]},{\"@type\":\"BreadcrumbList\",\"@id\":\"https:\\\/\\\/jmlcorporation.com\\\/espanol\\\/dominican-republic\\\/#breadcrumb\",\"itemListElement\":[{\"@type\":\"ListItem\",\"position\":1,\"name\":\"Home\",\"item\":\"https:\\\/\\\/jmlcorporation.com\\\/espanol\\\/\"},{\"@type\":\"ListItem\",\"position\":2,\"name\":\"Rep\u00fablica Dominicana\"}]},{\"@type\":\"WebSite\",\"@id\":\"https:\\\/\\\/jmlcorporation.com\\\/espanol\\\/#website\",\"url\":\"https:\\\/\\\/jmlcorporation.com\\\/espanol\\\/\",\"name\":\"JML Corporation\",\"description\":\"Cargo Services Miami - BVI\",\"publisher\":{\"@id\":\"https:\\\/\\\/jmlcorporation.com\\\/espanol\\\/#organization\"},\"potentialAction\":[{\"@type\":\"SearchAction\",\"target\":{\"@type\":\"EntryPoint\",\"urlTemplate\":\"https:\\\/\\\/jmlcorporation.com\\\/espanol\\\/?s={search_term_string}\"},\"query-input\":{\"@type\":\"PropertyValueSpecification\",\"valueRequired\":true,\"valueName\":\"search_term_string\"}}],\"inLanguage\":\"en-US\"},{\"@type\":\"Organization\",\"@id\":\"https:\\\/\\\/jmlcorporation.com\\\/espanol\\\/#organization\",\"name\":\"JML Corpporation\",\"url\":\"https:\\\/\\\/jmlcorporation.com\\\/espanol\\\/\",\"logo\":{\"@type\":\"ImageObject\",\"inLanguage\":\"en-US\",\"@id\":\"https:\\\/\\\/jmlcorporation.com\\\/espanol\\\/#\\\/schema\\\/logo\\\/image\\\/\",\"url\":\"https:\\\/\\\/jmlcorporation.com\\\/espanol\\\/wp-content\\\/uploads\\\/sites\\\/3\\\/2015\\\/05\\\/jml-logo-icon-152.png\",\"contentUrl\":\"https:\\\/\\\/jmlcorporation.com\\\/espanol\\\/wp-content\\\/uploads\\\/sites\\\/3\\\/2015\\\/05\\\/jml-logo-icon-152.png\",\"width\":152,\"height\":152,\"caption\":\"JML Corpporation\"},\"image\":{\"@id\":\"https:\\\/\\\/jmlcorporation.com\\\/espanol\\\/#\\\/schema\\\/logo\\\/image\\\/\"},\"sameAs\":[\"https:\\\/\\\/www.facebook.com\\\/pages\\\/JML-Cargo-Logistics\\\/259834600847493\"]}]}<\/script>\n<!-- \/ Yoast SEO plugin. -->","yoast_head_json":{"title":"Envios a Rep\u00fablica Dominicana - JML Corporation","description":"Empresa de Envios a Rep\u00fablica Dominicana - JML Corporation, una empresa dedicada a ofrecer soluciones para todo tipo de log\u00edstica y transporte de mercanc\u00edas","robots":{"index":"index","follow":"follow","max-snippet":"max-snippet:-1","max-image-preview":"max-image-preview:large","max-video-preview":"max-video-preview:-1"},"canonical":"https:\/\/jmlcorporation.com\/espanol\/dominican-republic\/","og_locale":"en_US","og_type":"article","og_title":"Envios a Rep\u00fablica Dominicana - JML Corporation","og_description":"Empresa de Envios a Rep\u00fablica Dominicana - JML Corporation, una empresa dedicada a ofrecer soluciones para todo tipo de log\u00edstica y transporte de mercanc\u00edas","og_url":"https:\/\/jmlcorporation.com\/espanol\/dominican-republic\/","og_site_name":"JML Corporation Espa\u00f1ol","article_publisher":"https:\/\/www.facebook.com\/pages\/JML-Cargo-Logistics\/259834600847493","article_modified_time":"2019-03-29T16:42:34+00:00","twitter_card":"summary_large_image","twitter_misc":{"Est. reading time":"4 minutes"},"schema":{"@context":"https:\/\/schema.org","@graph":[{"@type":"WebPage","@id":"https:\/\/jmlcorporation.com\/espanol\/dominican-republic\/","url":"https:\/\/jmlcorporation.com\/espanol\/dominican-republic\/","name":"Envios a Rep\u00fablica Dominicana - JML Corporation","isPartOf":{"@id":"https:\/\/jmlcorporation.com\/espanol\/#website"},"datePublished":"2016-06-28T18:45:36+00:00","dateModified":"2019-03-29T16:42:34+00:00","description":"Empresa de Envios a Rep\u00fablica Dominicana - JML Corporation, una empresa dedicada a ofrecer soluciones para todo tipo de log\u00edstica y transporte de mercanc\u00edas","breadcrumb":{"@id":"https:\/\/jmlcorporation.com\/espanol\/dominican-republic\/#breadcrumb"},"inLanguage":"en-US","potentialAction":[{"@type":"ReadAction","target":["https:\/\/jmlcorporation.com\/espanol\/dominican-republic\/"]}]},{"@type":"BreadcrumbList","@id":"https:\/\/jmlcorporation.com\/espanol\/dominican-republic\/#breadcrumb","itemListElement":[{"@type":"ListItem","position":1,"name":"Home","item":"https:\/\/jmlcorporation.com\/espanol\/"},{"@type":"ListItem","position":2,"name":"Rep\u00fablica Dominicana"}]},{"@type":"WebSite","@id":"https:\/\/jmlcorporation.com\/espanol\/#website","url":"https:\/\/jmlcorporation.com\/espanol\/","name":"JML Corporation","description":"Cargo Services Miami - BVI","publisher":{"@id":"https:\/\/jmlcorporation.com\/espanol\/#organization"},"potentialAction":[{"@type":"SearchAction","target":{"@type":"EntryPoint","urlTemplate":"https:\/\/jmlcorporation.com\/espanol\/?s={search_term_string}"},"query-input":{"@type":"PropertyValueSpecification","valueRequired":true,"valueName":"search_term_string"}}],"inLanguage":"en-US"},{"@type":"Organization","@id":"https:\/\/jmlcorporation.com\/espanol\/#organization","name":"JML Corpporation","url":"https:\/\/jmlcorporation.com\/espanol\/","logo":{"@type":"ImageObject","inLanguage":"en-US","@id":"https:\/\/jmlcorporation.com\/espanol\/#\/schema\/logo\/image\/","url":"https:\/\/jmlcorporation.com\/espanol\/wp-content\/uploads\/sites\/3\/2015\/05\/jml-logo-icon-152.png","contentUrl":"https:\/\/jmlcorporation.com\/espanol\/wp-content\/uploads\/sites\/3\/2015\/05\/jml-logo-icon-152.png","width":152,"height":152,"caption":"JML Corpporation"},"image":{"@id":"https:\/\/jmlcorporation.com\/espanol\/#\/schema\/logo\/image\/"},"sameAs":["https:\/\/www.facebook.com\/pages\/JML-Cargo-Logistics\/259834600847493"]}]}},"jetpack_sharing_enabled":true,"_links":{"self":[{"href":"https:\/\/jmlcorporation.com\/espanol\/wp-json\/wp\/v2\/pages\/685","targetHints":{"allow":["GET"]}}],"collection":[{"href":"https:\/\/jmlcorporation.com\/espanol\/wp-json\/wp\/v2\/pages"}],"about":[{"href":"https:\/\/jmlcorporation.com\/espanol\/wp-json\/wp\/v2\/types\/page"}],"author":[{"embeddable":true,"href":"https:\/\/jmlcorporation.com\/espanol\/wp-json\/wp\/v2\/users\/1"}],"replies":[{"embeddable":true,"href":"https:\/\/jmlcorporation.com\/espanol\/wp-json\/wp\/v2\/comments?post=685"}],"version-history":[{"count":0,"href":"https:\/\/jmlcorporation.com\/espanol\/wp-json\/wp\/v2\/pages\/685\/revisions"}],"wp:attachment":[{"href":"https:\/\/jmlcorporation.com\/espanol\/wp-json\/wp\/v2\/media?parent=685"}],"curies":[{"name":"wp","href":"https:\/\/api.w.org\/{rel}","templated":true}]}}