{"id":686,"date":"2016-06-28T13:46:20","date_gmt":"2016-06-28T18:46:20","guid":{"rendered":"http:\/\/jmlcorporation.com\/?page_id=686"},"modified":"2023-06-27T11:56:50","modified_gmt":"2023-06-27T16:56:50","slug":"jml-shipping-line","status":"publish","type":"page","link":"https:\/\/jmlcorporation.com\/espanol\/jml-shipping-line\/","title":{"rendered":"1 JML Corporation, Inc."},"content":{"rendered":"<div class=\"wpb-content-wrapper\">[vc_row parallax=&#8221;content-moving&#8221; parallax_image=&#8221;754&#8243; parallax_speed_bg=&#8221;2.5&#8243;][vc_column][vc_column_text css=&#8221;.vc_custom_1553877877125{padding-top: 100px !important;padding-bottom: 100px !important;}&#8221;]\n<h1 style=\"text-align: center;\"><span style=\"color: #ffffff;\">1 JML Corporation, Inc.<\/span><\/h1>\n[\/vc_column_text][\/vc_column][\/vc_row][vc_row css=&#8221;.vc_custom_1467065629241{padding-top: 75px !important;padding-right: 10% !important;padding-bottom: 75px !important;padding-left: 10% !important;background-color: #ffffff !important;}&#8221;][vc_column padding_left=&#8221;21px&#8221;][vc_column_text el_class=&#8221;excerpt&#8221; css=&#8221;.vc_custom_1553877896070{margin-bottom: 30px !important;}&#8221;]\n<p style=\"text-align: center;\">1 JML Corporation, Inc. cuenta con licencia garantida de flete mar\u00edtimo NVOCC\/US promoviendo la prestaci\u00f3n de servicios de env\u00edo de carga desde Miami a los puertos de todo el mundo.<\/p>\n[\/vc_column_text][vc_column_text]\n<p style=\"text-align: center;\">Env\u00ede su carga a nuestro almac\u00e9n y olv\u00eddese del resto. 1 JML se encarga de los procesos de env\u00edo y aduanas por usted. Si usted no est\u00e1 con prisa y quiere alquilar un contenedor para su llenado, podemos organizar el almacenamiento del contenedor en nuestras dependencias hasta el momento del env\u00edo.<\/p>\n[\/vc_column_text][vc_column_text css=&#8221;.vc_custom_1469144624404{padding-top: 75px !important;}&#8221;]\n<h2 style=\"text-align: center;\">Servicios<\/h2>\n[\/vc_column_text][vc_separator color=&#8221;custom&#8221; border_width=&#8221;3&#8243; el_width=&#8221;10&#8243; accent_color=&#8221;#f2682e&#8221; css=&#8221;.vc_custom_1467066832967{padding-top: 15px !important;padding-bottom: 30px !important;}&#8221;][vc_row_inner][vc_column_inner width=&#8221;1\/2&#8243;][vc_column_text el_class=&#8221;excerpt&#8221;]Contenedor Completo (FCL)[\/vc_column_text][vc_column_text]Carga de grandes proporciones que usted no desea transportar con otro tipo de carga.[\/vc_column_text]<div class=\"vcex-spacing wpex-w-100 wpex-clear\" style=\"height:15px;\"><\/div>[vc_column_text el_class=&#8221;excerpt&#8221;]Carga Parcial de Contenedor (LCL)[\/vc_column_text][vc_column_text]Comparta el espacio del contenedor con otros que tambi\u00e9n realizar env\u00edo de carga. Es una opci\u00f3n rentable para el env\u00edo de cargas peque\u00f1as.[\/vc_column_text]<div class=\"vcex-spacing wpex-w-100 wpex-clear\" style=\"height:15px;\"><\/div>[vc_column_text el_class=&#8221;excerpt&#8221;]Contenedores \u201cReefer\u201d[\/vc_column_text][vc_column_text]Podemos enviar todos sus productos refrigerados.[\/vc_column_text][\/vc_column_inner][vc_column_inner width=&#8221;1\/2&#8243;][vc_column_text el_class=&#8221;excerpt&#8221;]Roll-on, Roll-off[\/vc_column_text][vc_column_text]Enviamos cualquier tipo de carga rodante, es decir, cualquier tipo de maquinaria pesada, autom\u00f3viles, o equipamiento con ruedas.[\/vc_column_text]<div class=\"vcex-spacing wpex-w-100 wpex-clear\" style=\"height:15px;\"><\/div>[vc_column_text el_class=&#8221;excerpt&#8221;]Carga y Descarga de Contenedores[\/vc_column_text][vc_column_text]Nos aseguramos de que los contenedores se cargan y descargan desde el buque, en forma segura.[\/vc_column_text]<div class=\"vcex-spacing wpex-w-100 wpex-clear\" style=\"height:15px;\"><\/div>[vc_column_text el_class=&#8221;excerpt&#8221;]Contenedores Peligrosos y Mercanc\u00edas Peligrosas[\/vc_column_text][vc_column_text]Podemos transportar sus mercanc\u00edas peligrosas en forma segura.[\/vc_column_text][\/vc_column_inner][\/vc_row_inner][\/vc_column][\/vc_row][vc_row parallax=&#8221;content-moving&#8221; parallax_image=&#8221;671&#8243; parallax_speed_bg=&#8221;2&#8243; typography_style=&#8221;white&#8221; center_row=&#8221;yes&#8221; css=&#8221;.vc_custom_1467064921578{padding-top: 75px !important;padding-right: 10% !important;padding-bottom: 75px !important;padding-left: 10% !important;}&#8221;][vc_column][vc_column_text]\n<h2 style=\"text-align: center;\"><span style=\"color: #ffffff;\">Consulta R\u00e1pida<\/span><\/h2>\n[\/vc_column_text][vc_separator color=&#8221;custom&#8221; border_width=&#8221;3&#8243; el_width=&#8221;10&#8243; accent_color=&#8221;#1e1a17&#8243; css=&#8221;.vc_custom_1467066612615{padding-top: 15px !important;padding-bottom: 30px !important;}&#8221;][vc_column_text el_class=&#8221;excerpt&#8221; css=&#8221;.vc_custom_1469144646665{margin-top: 15px !important;margin-bottom: 30px !important;}&#8221;]\n<p style=\"text-align: center;\">Obtenga un estimado detallado. Cliquee el bot\u00f3n y llene el formulario. Le responderemos a la brevedad posible.<\/p>\n[\/vc_column_text]<div class=\"theme-button-wrap textcenter theme-button-block-wrap wpex-block wpex-clear wpex-clr\"><a href=\"http:\/\/jmlcorporation.com\/espanol\/contact\/\" class=\"vcex-button theme-button flat align-center block\" style=\"background:#1e1a17;padding:10px 45px;color:#f5f3f4;font-size:16px;font-weight:300;border-radius:0px;font-family:Ubuntu;\" data-wpex-hover='{&quot;background&quot;:&quot;#000000&quot;,&quot;color&quot;:&quot;#ffffff&quot;}' title=\"Solicite un Estimado\"><span class=\"vcex-button-inner theme-button-inner\">Solicite un Estimado<\/span><\/a><\/div> [\/vc_column][\/vc_row]\n<\/div>","protected":false},"excerpt":{"rendered":"<p>[vc_row parallax=&#8221;content-moving&#8221; parallax_image=&#8221;754&#8243; parallax_speed_bg=&#8221;2.5&#8243;][vc_column][vc_column_text css=&#8221;.vc_custom_1553877877125{padding-top: 100px !important;padding-bottom: 100px !important;}&#8221;] 1 JML Corporation, Inc. [\/vc_column_text][\/vc_column][\/vc_row][vc_row css=&#8221;.vc_custom_1467065629241{padding-top: 75px !important;padding-right: 10% !important;padding-bottom: 75px !important;padding-left: 10% !important;background-color: #ffffff !important;}&#8221;][vc_column padding_left=&#8221;21px&#8221;][vc_column_text el_class=&#8221;excerpt&#8221; css=&#8221;.vc_custom_1553877896070{margin-bottom: 30px !important;}&#8221;] 1 JML Corporation, Inc. cuenta con licencia garantida de flete mar\u00edtimo NVOCC\/US promoviendo la prestaci\u00f3n de servicios de env\u00edo de carga desde Miami a los&hellip;<\/p>\n","protected":false},"author":1,"featured_media":288,"parent":0,"menu_order":0,"comment_status":"closed","ping_status":"closed","template":"","meta":{"footnotes":""},"class_list":["post-686","page","type-page","status-publish","has-post-thumbnail","hentry","entry","has-media"],"yoast_head":"<!-- This site is optimized with the Yoast SEO plugin v27.4 - https:\/\/yoast.com\/product\/yoast-seo-wordpress\/ -->\n<title>1 JML Corporation, Inc.: Envio de carga desde Miami a todo el Mundo.<\/title>\n<meta name=\"description\" content=\"Licencia garantida de flete mar\u00edtimo NVOCC\/US promoviendo la prestaci\u00f3n de servicios de envio de carga desde Miami a los puertos de todo el mundo.\" \/>\n<meta name=\"robots\" content=\"index, follow, max-snippet:-1, max-image-preview:large, max-video-preview:-1\" \/>\n<link rel=\"canonical\" href=\"https:\/\/jmlcorporation.com\/espanol\/jml-shipping-line\/\" \/>\n<meta property=\"og:locale\" content=\"en_US\" \/>\n<meta property=\"og:type\" content=\"article\" \/>\n<meta property=\"og:title\" content=\"1 JML Corporation, Inc.: Envio de carga desde Miami a todo el Mundo.\" \/>\n<meta property=\"og:description\" content=\"Licencia garantida de flete mar\u00edtimo NVOCC\/US promoviendo la prestaci\u00f3n de servicios de envio de carga desde Miami a los puertos de todo el mundo.\" \/>\n<meta property=\"og:url\" content=\"https:\/\/jmlcorporation.com\/espanol\/jml-shipping-line\/\" \/>\n<meta property=\"og:site_name\" content=\"JML Corporation Espa\u00f1ol\" \/>\n<meta property=\"article:publisher\" content=\"https:\/\/www.facebook.com\/pages\/JML-Cargo-Logistics\/259834600847493\" \/>\n<meta property=\"article:modified_time\" content=\"2023-06-27T16:56:50+00:00\" \/>\n<meta property=\"og:image\" content=\"http:\/\/jmlcorporation.com\/espanol\/wp-content\/uploads\/sites\/3\/2015\/04\/miami-beach-674068_1280.jpg\" \/>\n\t<meta property=\"og:image:width\" content=\"1280\" \/>\n\t<meta property=\"og:image:height\" content=\"787\" \/>\n\t<meta property=\"og:image:type\" content=\"image\/jpeg\" \/>\n<meta name=\"twitter:card\" content=\"summary_large_image\" \/>\n<meta name=\"twitter:label1\" content=\"Est. reading time\" \/>\n\t<meta name=\"twitter:data1\" content=\"2 minutes\" \/>\n<script type=\"application\/ld+json\" class=\"yoast-schema-graph\">{\"@context\":\"https:\\\/\\\/schema.org\",\"@graph\":[{\"@type\":\"WebPage\",\"@id\":\"https:\\\/\\\/jmlcorporation.com\\\/espanol\\\/jml-shipping-line\\\/\",\"url\":\"https:\\\/\\\/jmlcorporation.com\\\/espanol\\\/jml-shipping-line\\\/\",\"name\":\"1 JML Corporation, Inc.: Envio de carga desde Miami a todo el Mundo.\",\"isPartOf\":{\"@id\":\"https:\\\/\\\/jmlcorporation.com\\\/espanol\\\/#website\"},\"primaryImageOfPage\":{\"@id\":\"https:\\\/\\\/jmlcorporation.com\\\/espanol\\\/jml-shipping-line\\\/#primaryimage\"},\"image\":{\"@id\":\"https:\\\/\\\/jmlcorporation.com\\\/espanol\\\/jml-shipping-line\\\/#primaryimage\"},\"thumbnailUrl\":\"https:\\\/\\\/i0.wp.com\\\/jmlcorporation.com\\\/espanol\\\/wp-content\\\/uploads\\\/sites\\\/3\\\/2015\\\/04\\\/miami-beach-674068_1280.jpg?fit=1280%2C787&ssl=1\",\"datePublished\":\"2016-06-28T18:46:20+00:00\",\"dateModified\":\"2023-06-27T16:56:50+00:00\",\"description\":\"Licencia garantida de flete mar\u00edtimo NVOCC\\\/US promoviendo la prestaci\u00f3n de servicios de envio de carga desde Miami a los puertos de todo el mundo.\",\"breadcrumb\":{\"@id\":\"https:\\\/\\\/jmlcorporation.com\\\/espanol\\\/jml-shipping-line\\\/#breadcrumb\"},\"inLanguage\":\"en-US\",\"potentialAction\":[{\"@type\":\"ReadAction\",\"target\":[\"https:\\\/\\\/jmlcorporation.com\\\/espanol\\\/jml-shipping-line\\\/\"]}]},{\"@type\":\"ImageObject\",\"inLanguage\":\"en-US\",\"@id\":\"https:\\\/\\\/jmlcorporation.com\\\/espanol\\\/jml-shipping-line\\\/#primaryimage\",\"url\":\"https:\\\/\\\/i0.wp.com\\\/jmlcorporation.com\\\/espanol\\\/wp-content\\\/uploads\\\/sites\\\/3\\\/2015\\\/04\\\/miami-beach-674068_1280.jpg?fit=1280%2C787&ssl=1\",\"contentUrl\":\"https:\\\/\\\/i0.wp.com\\\/jmlcorporation.com\\\/espanol\\\/wp-content\\\/uploads\\\/sites\\\/3\\\/2015\\\/04\\\/miami-beach-674068_1280.jpg?fit=1280%2C787&ssl=1\",\"width\":1280,\"height\":787,\"caption\":\"envio de carga desde Miami\"},{\"@type\":\"BreadcrumbList\",\"@id\":\"https:\\\/\\\/jmlcorporation.com\\\/espanol\\\/jml-shipping-line\\\/#breadcrumb\",\"itemListElement\":[{\"@type\":\"ListItem\",\"position\":1,\"name\":\"Home\",\"item\":\"https:\\\/\\\/jmlcorporation.com\\\/espanol\\\/\"},{\"@type\":\"ListItem\",\"position\":2,\"name\":\"1 JML Corporation, Inc.\"}]},{\"@type\":\"WebSite\",\"@id\":\"https:\\\/\\\/jmlcorporation.com\\\/espanol\\\/#website\",\"url\":\"https:\\\/\\\/jmlcorporation.com\\\/espanol\\\/\",\"name\":\"JML Corporation\",\"description\":\"Cargo Services Miami - BVI\",\"publisher\":{\"@id\":\"https:\\\/\\\/jmlcorporation.com\\\/espanol\\\/#organization\"},\"potentialAction\":[{\"@type\":\"SearchAction\",\"target\":{\"@type\":\"EntryPoint\",\"urlTemplate\":\"https:\\\/\\\/jmlcorporation.com\\\/espanol\\\/?s={search_term_string}\"},\"query-input\":{\"@type\":\"PropertyValueSpecification\",\"valueRequired\":true,\"valueName\":\"search_term_string\"}}],\"inLanguage\":\"en-US\"},{\"@type\":\"Organization\",\"@id\":\"https:\\\/\\\/jmlcorporation.com\\\/espanol\\\/#organization\",\"name\":\"JML Corpporation\",\"url\":\"https:\\\/\\\/jmlcorporation.com\\\/espanol\\\/\",\"logo\":{\"@type\":\"ImageObject\",\"inLanguage\":\"en-US\",\"@id\":\"https:\\\/\\\/jmlcorporation.com\\\/espanol\\\/#\\\/schema\\\/logo\\\/image\\\/\",\"url\":\"https:\\\/\\\/jmlcorporation.com\\\/espanol\\\/wp-content\\\/uploads\\\/sites\\\/3\\\/2015\\\/05\\\/jml-logo-icon-152.png\",\"contentUrl\":\"https:\\\/\\\/jmlcorporation.com\\\/espanol\\\/wp-content\\\/uploads\\\/sites\\\/3\\\/2015\\\/05\\\/jml-logo-icon-152.png\",\"width\":152,\"height\":152,\"caption\":\"JML Corpporation\"},\"image\":{\"@id\":\"https:\\\/\\\/jmlcorporation.com\\\/espanol\\\/#\\\/schema\\\/logo\\\/image\\\/\"},\"sameAs\":[\"https:\\\/\\\/www.facebook.com\\\/pages\\\/JML-Cargo-Logistics\\\/259834600847493\"]}]}<\/script>\n<!-- \/ Yoast SEO plugin. -->","yoast_head_json":{"title":"1 JML Corporation, Inc.: Envio de carga desde Miami a todo el Mundo.","description":"Licencia garantida de flete mar\u00edtimo NVOCC\/US promoviendo la prestaci\u00f3n de servicios de envio de carga desde Miami a los puertos de todo el mundo.","robots":{"index":"index","follow":"follow","max-snippet":"max-snippet:-1","max-image-preview":"max-image-preview:large","max-video-preview":"max-video-preview:-1"},"canonical":"https:\/\/jmlcorporation.com\/espanol\/jml-shipping-line\/","og_locale":"en_US","og_type":"article","og_title":"1 JML Corporation, Inc.: Envio de carga desde Miami a todo el Mundo.","og_description":"Licencia garantida de flete mar\u00edtimo NVOCC\/US promoviendo la prestaci\u00f3n de servicios de envio de carga desde Miami a los puertos de todo el mundo.","og_url":"https:\/\/jmlcorporation.com\/espanol\/jml-shipping-line\/","og_site_name":"JML Corporation Espa\u00f1ol","article_publisher":"https:\/\/www.facebook.com\/pages\/JML-Cargo-Logistics\/259834600847493","article_modified_time":"2023-06-27T16:56:50+00:00","og_image":[{"width":1280,"height":787,"url":"http:\/\/jmlcorporation.com\/espanol\/wp-content\/uploads\/sites\/3\/2015\/04\/miami-beach-674068_1280.jpg","type":"image\/jpeg"}],"twitter_card":"summary_large_image","twitter_misc":{"Est. reading time":"2 minutes"},"schema":{"@context":"https:\/\/schema.org","@graph":[{"@type":"WebPage","@id":"https:\/\/jmlcorporation.com\/espanol\/jml-shipping-line\/","url":"https:\/\/jmlcorporation.com\/espanol\/jml-shipping-line\/","name":"1 JML Corporation, Inc.: Envio de carga desde Miami a todo el Mundo.","isPartOf":{"@id":"https:\/\/jmlcorporation.com\/espanol\/#website"},"primaryImageOfPage":{"@id":"https:\/\/jmlcorporation.com\/espanol\/jml-shipping-line\/#primaryimage"},"image":{"@id":"https:\/\/jmlcorporation.com\/espanol\/jml-shipping-line\/#primaryimage"},"thumbnailUrl":"https:\/\/i0.wp.com\/jmlcorporation.com\/espanol\/wp-content\/uploads\/sites\/3\/2015\/04\/miami-beach-674068_1280.jpg?fit=1280%2C787&ssl=1","datePublished":"2016-06-28T18:46:20+00:00","dateModified":"2023-06-27T16:56:50+00:00","description":"Licencia garantida de flete mar\u00edtimo NVOCC\/US promoviendo la prestaci\u00f3n de servicios de envio de carga desde Miami a los puertos de todo el mundo.","breadcrumb":{"@id":"https:\/\/jmlcorporation.com\/espanol\/jml-shipping-line\/#breadcrumb"},"inLanguage":"en-US","potentialAction":[{"@type":"ReadAction","target":["https:\/\/jmlcorporation.com\/espanol\/jml-shipping-line\/"]}]},{"@type":"ImageObject","inLanguage":"en-US","@id":"https:\/\/jmlcorporation.com\/espanol\/jml-shipping-line\/#primaryimage","url":"https:\/\/i0.wp.com\/jmlcorporation.com\/espanol\/wp-content\/uploads\/sites\/3\/2015\/04\/miami-beach-674068_1280.jpg?fit=1280%2C787&ssl=1","contentUrl":"https:\/\/i0.wp.com\/jmlcorporation.com\/espanol\/wp-content\/uploads\/sites\/3\/2015\/04\/miami-beach-674068_1280.jpg?fit=1280%2C787&ssl=1","width":1280,"height":787,"caption":"envio de carga desde Miami"},{"@type":"BreadcrumbList","@id":"https:\/\/jmlcorporation.com\/espanol\/jml-shipping-line\/#breadcrumb","itemListElement":[{"@type":"ListItem","position":1,"name":"Home","item":"https:\/\/jmlcorporation.com\/espanol\/"},{"@type":"ListItem","position":2,"name":"1 JML Corporation, Inc."}]},{"@type":"WebSite","@id":"https:\/\/jmlcorporation.com\/espanol\/#website","url":"https:\/\/jmlcorporation.com\/espanol\/","name":"JML Corporation","description":"Cargo Services Miami - BVI","publisher":{"@id":"https:\/\/jmlcorporation.com\/espanol\/#organization"},"potentialAction":[{"@type":"SearchAction","target":{"@type":"EntryPoint","urlTemplate":"https:\/\/jmlcorporation.com\/espanol\/?s={search_term_string}"},"query-input":{"@type":"PropertyValueSpecification","valueRequired":true,"valueName":"search_term_string"}}],"inLanguage":"en-US"},{"@type":"Organization","@id":"https:\/\/jmlcorporation.com\/espanol\/#organization","name":"JML Corpporation","url":"https:\/\/jmlcorporation.com\/espanol\/","logo":{"@type":"ImageObject","inLanguage":"en-US","@id":"https:\/\/jmlcorporation.com\/espanol\/#\/schema\/logo\/image\/","url":"https:\/\/jmlcorporation.com\/espanol\/wp-content\/uploads\/sites\/3\/2015\/05\/jml-logo-icon-152.png","contentUrl":"https:\/\/jmlcorporation.com\/espanol\/wp-content\/uploads\/sites\/3\/2015\/05\/jml-logo-icon-152.png","width":152,"height":152,"caption":"JML Corpporation"},"image":{"@id":"https:\/\/jmlcorporation.com\/espanol\/#\/schema\/logo\/image\/"},"sameAs":["https:\/\/www.facebook.com\/pages\/JML-Cargo-Logistics\/259834600847493"]}]}},"jetpack_sharing_enabled":true,"_links":{"self":[{"href":"https:\/\/jmlcorporation.com\/espanol\/wp-json\/wp\/v2\/pages\/686","targetHints":{"allow":["GET"]}}],"collection":[{"href":"https:\/\/jmlcorporation.com\/espanol\/wp-json\/wp\/v2\/pages"}],"about":[{"href":"https:\/\/jmlcorporation.com\/espanol\/wp-json\/wp\/v2\/types\/page"}],"author":[{"embeddable":true,"href":"https:\/\/jmlcorporation.com\/espanol\/wp-json\/wp\/v2\/users\/1"}],"replies":[{"embeddable":true,"href":"https:\/\/jmlcorporation.com\/espanol\/wp-json\/wp\/v2\/comments?post=686"}],"version-history":[{"count":0,"href":"https:\/\/jmlcorporation.com\/espanol\/wp-json\/wp\/v2\/pages\/686\/revisions"}],"wp:featuredmedia":[{"embeddable":true,"href":"https:\/\/jmlcorporation.com\/espanol\/wp-json\/wp\/v2\/media\/288"}],"wp:attachment":[{"href":"https:\/\/jmlcorporation.com\/espanol\/wp-json\/wp\/v2\/media?parent=686"}],"curies":[{"name":"wp","href":"https:\/\/api.w.org\/{rel}","templated":true}]}}