{"id":692,"date":"2016-06-28T13:50:20","date_gmt":"2016-06-28T18:50:20","guid":{"rendered":"http:\/\/jmlcorporation.com\/?page_id=692"},"modified":"2023-06-27T11:57:49","modified_gmt":"2023-06-27T16:57:49","slug":"jml-online","status":"publish","type":"page","link":"https:\/\/jmlcorporation.com\/espanol\/jml-online\/","title":{"rendered":"JML En L\u00ednea"},"content":{"rendered":"<div class=\"wpb-content-wrapper\">[vc_row parallax=&#8221;content-moving&#8221; parallax_image=&#8221;756&#8243; parallax_speed_bg=&#8221;2.5&#8243;][vc_column][vc_column_text css=&#8221;.vc_custom_1469143760220{padding-top: 100px !important;padding-bottom: 100px !important;}&#8221;]\n<h1 style=\"text-align: center;\"><span style=\"color: #ffffff;\">1 JML En L\u00ednea<\/span><\/h1>\n[\/vc_column_text][\/vc_column][\/vc_row][vc_row css=&#8221;.vc_custom_1467065629241{padding-top: 75px !important;padding-right: 10% !important;padding-bottom: 75px !important;padding-left: 10% !important;background-color: #ffffff !important;}&#8221;][vc_column padding_left=&#8221;21px&#8221;][vc_column_text]\n<h2 style=\"text-align: center;\">Agente de Compra en los Estados Unidos<\/h2>\n[\/vc_column_text][vc_separator color=&#8221;custom&#8221; border_width=&#8221;3&#8243; el_width=&#8221;10&#8243; accent_color=&#8221;#f2682e&#8221; css=&#8221;.vc_custom_1467220047996{padding-top: 15px !important;padding-bottom: 30px !important;}&#8221;][vc_column_text el_class=&#8221;excerpt&#8221; css=&#8221;.vc_custom_1470351086530{margin-bottom: 30px !important;}&#8221;]\n<p style=\"text-align: center;\">Estamos aqu\u00ed para ayudarle con su compra de la manera que usted prefiera.<\/p>\n[\/vc_column_text][vc_column_text]\n<p style=\"text-align: center;\">Ahora usted puede hacer compras directas utilizando su tarjeta de cr\u00e9dito y tener el art\u00edculo entregado a nuestra direcci\u00f3n en Miami. Si usted no tiene una tarjeta de cr\u00e9dito, tambi\u00e9n se puede realizar la compra a trav\u00e9s de su cuenta en nuestra empresa. Nuestros agentes har\u00e1n las compras por usted, y ser\u00e1n recibidas en nuestra direcci\u00f3n de Miami.<\/p>\n<p style=\"text-align: center;\">Compre productos en los EE.UU. o en cualquier parte del mundo y rec\u00edbalos en Miami. Haremos un seguimiento, recepci\u00f3n y re-env\u00edo de sus compras, de acuerdo a sus instrucciones. Nuestro almac\u00e9n en Miami puede contener y almacenar su mercanc\u00eda o r\u00e1pidamente enviarlas hacia su destino. Este servicio se ofrece como valor a\u00f1adido para ayudar a nuestros clientes. Queremos que est\u00e9 seguro de que puede obtener los productos que desee con un m\u00ednimo de esfuerzo. Nuestros agentes de compras en Miami est\u00e1n disponible para ayudarle con sus necesidades. P\u00f3ngase en contacto con nosotros para obtener m\u00e1s informaci\u00f3n sobre nuestro confiable servicio de compras.<\/p>\n[\/vc_column_text]<div class=\"vcex-spacing wpex-w-100 wpex-clear\"><\/div>[vc_row_inner css=&#8221;.vc_custom_1467150602847{padding-bottom: 30px !important;background-color: #fbfbfb !important;}&#8221;][vc_column_inner][vc_column_text]\n<h3 style=\"text-align: center;\">C\u00f3mo funciona?<\/h3>\n[\/vc_column_text]<div class=\"vcex-spacing wpex-w-100 wpex-clear\"><\/div>[vc_column_text]\n<p style=\"text-align: center;\">Nuestro servicio de compra es sencillo. Cuando usted necesita comprar un art\u00edculo o retirarlo, nuestros agentes de compras internacionales est\u00e1n disponibles para atender sus necesidades de compra. Todas las compras se entregan a nuestra ubicaci\u00f3n Miami sin ese gasto de env\u00edo que regularmente otras empresas a\u00f1aden, directamente del proveedor a usted. Nuestro agente de compras en los EE.UU. puede manejar sus pedidos, recepci\u00f3n, almacenamiento y transporte, o cualquier paso que usted no pueda realizar. Queremos hacerle a nuestros clientes la experiencia de compra lo m\u00e1s f\u00e1cil posible. P\u00f3ngase en contacto con nosotros para obtener m\u00e1s detalles sobre c\u00f3mo se puede utilizar este servicio de compra. Se aplican cargos adicionales.<\/p>\n[\/vc_column_text][\/vc_column_inner][\/vc_row_inner][\/vc_column][\/vc_row][vc_row parallax=&#8221;content-moving&#8221; parallax_image=&#8221;671&#8243; parallax_speed_bg=&#8221;2&#8243; center_row=&#8221;yes&#8221; typography_style=&#8221;white&#8221; css=&#8221;.vc_custom_1467064921578{padding-top: 75px !important;padding-right: 10% !important;padding-bottom: 75px !important;padding-left: 10% !important;}&#8221;][vc_column][vc_column_text]\n<h2 style=\"text-align: center;\"><span style=\"color: #ffffff;\">Consulta R\u00e1pida<\/span><\/h2>\n[\/vc_column_text][vc_separator color=&#8221;custom&#8221; border_width=&#8221;3&#8243; el_width=&#8221;10&#8243; accent_color=&#8221;#1e1a17&#8243; css=&#8221;.vc_custom_1467066612615{padding-top: 15px !important;padding-bottom: 30px !important;}&#8221;][vc_column_text el_class=&#8221;excerpt&#8221; css=&#8221;.vc_custom_1469143922856{margin-top: 15px !important;margin-bottom: 30px !important;}&#8221;]\n<p style=\"text-align: center;\">Obtenga un estimado detallado. Cliquee el bot\u00f3n y llene el formulario. Le responderemos a la brevedad posible.<\/p>\n[\/vc_column_text]<div class=\"theme-button-wrap textcenter theme-button-block-wrap wpex-block wpex-clear wpex-clr\"><a href=\"http:\/\/jmlcorporation.com\/espanol\/contact\/\" class=\"vcex-button theme-button flat large align-center block\" style=\"background:#1e1a17;padding:10px 45px;color:#f5f3f4;font-size:16px;font-weight:300;border-radius:0px;font-family:Ubuntu;\" data-wpex-hover='{&quot;background&quot;:&quot;#000000&quot;,&quot;color&quot;:&quot;#ffffff&quot;}' title=\"Solicite un Estimado\"><span class=\"vcex-button-inner theme-button-inner\">Solicite un Estimado<\/span><\/a><\/div> [\/vc_column][\/vc_row]\n<\/div>","protected":false},"excerpt":{"rendered":"<p>[vc_row parallax=&#8221;content-moving&#8221; parallax_image=&#8221;756&#8243; parallax_speed_bg=&#8221;2.5&#8243;][vc_column][vc_column_text css=&#8221;.vc_custom_1469143760220{padding-top: 100px !important;padding-bottom: 100px !important;}&#8221;] 1 JML En L\u00ednea [\/vc_column_text][\/vc_column][\/vc_row][vc_row css=&#8221;.vc_custom_1467065629241{padding-top: 75px !important;padding-right: 10% !important;padding-bottom: 75px !important;padding-left: 10% !important;background-color: #ffffff !important;}&#8221;][vc_column padding_left=&#8221;21px&#8221;][vc_column_text] Agente de Compra en los Estados Unidos [\/vc_column_text][vc_separator color=&#8221;custom&#8221; border_width=&#8221;3&#8243; el_width=&#8221;10&#8243; accent_color=&#8221;#f2682e&#8221; css=&#8221;.vc_custom_1467220047996{padding-top: 15px !important;padding-bottom: 30px !important;}&#8221;][vc_column_text el_class=&#8221;excerpt&#8221; css=&#8221;.vc_custom_1470351086530{margin-bottom: 30px !important;}&#8221;] Estamos aqu\u00ed para ayudarle con su compra de&hellip;<\/p>\n","protected":false},"author":1,"featured_media":0,"parent":0,"menu_order":0,"comment_status":"closed","ping_status":"closed","template":"","meta":{"footnotes":""},"class_list":["post-692","page","type-page","status-publish","hentry","entry","no-media"],"yoast_head":"<!-- This site is optimized with the Yoast SEO plugin v27.3 - https:\/\/yoast.com\/product\/yoast-seo-wordpress\/ -->\n<title>JML en Linea. Agente de Compra en los Estados Unidos<\/title>\n<meta name=\"description\" content=\"Usted puede hacer compras directas y tener el art\u00edculo entregado a nuestra direcci\u00f3n en Miami con nuestro servicio de Agente de Compra en los Estados Unidos\" \/>\n<meta name=\"robots\" content=\"index, follow, max-snippet:-1, max-image-preview:large, max-video-preview:-1\" \/>\n<link rel=\"canonical\" href=\"https:\/\/jmlcorporation.com\/espanol\/jml-online\/\" \/>\n<meta property=\"og:locale\" content=\"en_US\" \/>\n<meta property=\"og:type\" content=\"article\" \/>\n<meta property=\"og:title\" content=\"JML en Linea. Agente de Compra en los Estados Unidos\" \/>\n<meta property=\"og:description\" content=\"Usted puede hacer compras directas y tener el art\u00edculo entregado a nuestra direcci\u00f3n en Miami con nuestro servicio de Agente de Compra en los Estados Unidos\" \/>\n<meta property=\"og:url\" content=\"https:\/\/jmlcorporation.com\/espanol\/jml-online\/\" \/>\n<meta property=\"og:site_name\" content=\"JML Corporation Espa\u00f1ol\" \/>\n<meta property=\"article:publisher\" content=\"https:\/\/www.facebook.com\/pages\/JML-Cargo-Logistics\/259834600847493\" \/>\n<meta property=\"article:modified_time\" content=\"2023-06-27T16:57:49+00:00\" \/>\n<meta name=\"twitter:card\" content=\"summary_large_image\" \/>\n<meta name=\"twitter:label1\" content=\"Est. reading time\" \/>\n\t<meta name=\"twitter:data1\" content=\"2 minutes\" \/>\n<script type=\"application\/ld+json\" class=\"yoast-schema-graph\">{\"@context\":\"https:\\\/\\\/schema.org\",\"@graph\":[{\"@type\":\"WebPage\",\"@id\":\"https:\\\/\\\/jmlcorporation.com\\\/espanol\\\/jml-online\\\/\",\"url\":\"https:\\\/\\\/jmlcorporation.com\\\/espanol\\\/jml-online\\\/\",\"name\":\"JML en Linea. Agente de Compra en los Estados Unidos\",\"isPartOf\":{\"@id\":\"https:\\\/\\\/jmlcorporation.com\\\/espanol\\\/#website\"},\"datePublished\":\"2016-06-28T18:50:20+00:00\",\"dateModified\":\"2023-06-27T16:57:49+00:00\",\"description\":\"Usted puede hacer compras directas y tener el art\u00edculo entregado a nuestra direcci\u00f3n en Miami con nuestro servicio de Agente de Compra en los Estados Unidos\",\"breadcrumb\":{\"@id\":\"https:\\\/\\\/jmlcorporation.com\\\/espanol\\\/jml-online\\\/#breadcrumb\"},\"inLanguage\":\"en-US\",\"potentialAction\":[{\"@type\":\"ReadAction\",\"target\":[\"https:\\\/\\\/jmlcorporation.com\\\/espanol\\\/jml-online\\\/\"]}]},{\"@type\":\"BreadcrumbList\",\"@id\":\"https:\\\/\\\/jmlcorporation.com\\\/espanol\\\/jml-online\\\/#breadcrumb\",\"itemListElement\":[{\"@type\":\"ListItem\",\"position\":1,\"name\":\"Home\",\"item\":\"https:\\\/\\\/jmlcorporation.com\\\/espanol\\\/\"},{\"@type\":\"ListItem\",\"position\":2,\"name\":\"JML En L\u00ednea\"}]},{\"@type\":\"WebSite\",\"@id\":\"https:\\\/\\\/jmlcorporation.com\\\/espanol\\\/#website\",\"url\":\"https:\\\/\\\/jmlcorporation.com\\\/espanol\\\/\",\"name\":\"JML Corporation\",\"description\":\"Cargo Services Miami - BVI\",\"publisher\":{\"@id\":\"https:\\\/\\\/jmlcorporation.com\\\/espanol\\\/#organization\"},\"potentialAction\":[{\"@type\":\"SearchAction\",\"target\":{\"@type\":\"EntryPoint\",\"urlTemplate\":\"https:\\\/\\\/jmlcorporation.com\\\/espanol\\\/?s={search_term_string}\"},\"query-input\":{\"@type\":\"PropertyValueSpecification\",\"valueRequired\":true,\"valueName\":\"search_term_string\"}}],\"inLanguage\":\"en-US\"},{\"@type\":\"Organization\",\"@id\":\"https:\\\/\\\/jmlcorporation.com\\\/espanol\\\/#organization\",\"name\":\"JML Corpporation\",\"url\":\"https:\\\/\\\/jmlcorporation.com\\\/espanol\\\/\",\"logo\":{\"@type\":\"ImageObject\",\"inLanguage\":\"en-US\",\"@id\":\"https:\\\/\\\/jmlcorporation.com\\\/espanol\\\/#\\\/schema\\\/logo\\\/image\\\/\",\"url\":\"https:\\\/\\\/jmlcorporation.com\\\/espanol\\\/wp-content\\\/uploads\\\/sites\\\/3\\\/2015\\\/05\\\/jml-logo-icon-152.png\",\"contentUrl\":\"https:\\\/\\\/jmlcorporation.com\\\/espanol\\\/wp-content\\\/uploads\\\/sites\\\/3\\\/2015\\\/05\\\/jml-logo-icon-152.png\",\"width\":152,\"height\":152,\"caption\":\"JML Corpporation\"},\"image\":{\"@id\":\"https:\\\/\\\/jmlcorporation.com\\\/espanol\\\/#\\\/schema\\\/logo\\\/image\\\/\"},\"sameAs\":[\"https:\\\/\\\/www.facebook.com\\\/pages\\\/JML-Cargo-Logistics\\\/259834600847493\"]}]}<\/script>\n<!-- \/ Yoast SEO plugin. -->","yoast_head_json":{"title":"JML en Linea. Agente de Compra en los Estados Unidos","description":"Usted puede hacer compras directas y tener el art\u00edculo entregado a nuestra direcci\u00f3n en Miami con nuestro servicio de Agente de Compra en los Estados Unidos","robots":{"index":"index","follow":"follow","max-snippet":"max-snippet:-1","max-image-preview":"max-image-preview:large","max-video-preview":"max-video-preview:-1"},"canonical":"https:\/\/jmlcorporation.com\/espanol\/jml-online\/","og_locale":"en_US","og_type":"article","og_title":"JML en Linea. Agente de Compra en los Estados Unidos","og_description":"Usted puede hacer compras directas y tener el art\u00edculo entregado a nuestra direcci\u00f3n en Miami con nuestro servicio de Agente de Compra en los Estados Unidos","og_url":"https:\/\/jmlcorporation.com\/espanol\/jml-online\/","og_site_name":"JML Corporation Espa\u00f1ol","article_publisher":"https:\/\/www.facebook.com\/pages\/JML-Cargo-Logistics\/259834600847493","article_modified_time":"2023-06-27T16:57:49+00:00","twitter_card":"summary_large_image","twitter_misc":{"Est. reading time":"2 minutes"},"schema":{"@context":"https:\/\/schema.org","@graph":[{"@type":"WebPage","@id":"https:\/\/jmlcorporation.com\/espanol\/jml-online\/","url":"https:\/\/jmlcorporation.com\/espanol\/jml-online\/","name":"JML en Linea. Agente de Compra en los Estados Unidos","isPartOf":{"@id":"https:\/\/jmlcorporation.com\/espanol\/#website"},"datePublished":"2016-06-28T18:50:20+00:00","dateModified":"2023-06-27T16:57:49+00:00","description":"Usted puede hacer compras directas y tener el art\u00edculo entregado a nuestra direcci\u00f3n en Miami con nuestro servicio de Agente de Compra en los Estados Unidos","breadcrumb":{"@id":"https:\/\/jmlcorporation.com\/espanol\/jml-online\/#breadcrumb"},"inLanguage":"en-US","potentialAction":[{"@type":"ReadAction","target":["https:\/\/jmlcorporation.com\/espanol\/jml-online\/"]}]},{"@type":"BreadcrumbList","@id":"https:\/\/jmlcorporation.com\/espanol\/jml-online\/#breadcrumb","itemListElement":[{"@type":"ListItem","position":1,"name":"Home","item":"https:\/\/jmlcorporation.com\/espanol\/"},{"@type":"ListItem","position":2,"name":"JML En L\u00ednea"}]},{"@type":"WebSite","@id":"https:\/\/jmlcorporation.com\/espanol\/#website","url":"https:\/\/jmlcorporation.com\/espanol\/","name":"JML Corporation","description":"Cargo Services Miami - BVI","publisher":{"@id":"https:\/\/jmlcorporation.com\/espanol\/#organization"},"potentialAction":[{"@type":"SearchAction","target":{"@type":"EntryPoint","urlTemplate":"https:\/\/jmlcorporation.com\/espanol\/?s={search_term_string}"},"query-input":{"@type":"PropertyValueSpecification","valueRequired":true,"valueName":"search_term_string"}}],"inLanguage":"en-US"},{"@type":"Organization","@id":"https:\/\/jmlcorporation.com\/espanol\/#organization","name":"JML Corpporation","url":"https:\/\/jmlcorporation.com\/espanol\/","logo":{"@type":"ImageObject","inLanguage":"en-US","@id":"https:\/\/jmlcorporation.com\/espanol\/#\/schema\/logo\/image\/","url":"https:\/\/jmlcorporation.com\/espanol\/wp-content\/uploads\/sites\/3\/2015\/05\/jml-logo-icon-152.png","contentUrl":"https:\/\/jmlcorporation.com\/espanol\/wp-content\/uploads\/sites\/3\/2015\/05\/jml-logo-icon-152.png","width":152,"height":152,"caption":"JML Corpporation"},"image":{"@id":"https:\/\/jmlcorporation.com\/espanol\/#\/schema\/logo\/image\/"},"sameAs":["https:\/\/www.facebook.com\/pages\/JML-Cargo-Logistics\/259834600847493"]}]}},"jetpack_sharing_enabled":true,"_links":{"self":[{"href":"https:\/\/jmlcorporation.com\/espanol\/wp-json\/wp\/v2\/pages\/692","targetHints":{"allow":["GET"]}}],"collection":[{"href":"https:\/\/jmlcorporation.com\/espanol\/wp-json\/wp\/v2\/pages"}],"about":[{"href":"https:\/\/jmlcorporation.com\/espanol\/wp-json\/wp\/v2\/types\/page"}],"author":[{"embeddable":true,"href":"https:\/\/jmlcorporation.com\/espanol\/wp-json\/wp\/v2\/users\/1"}],"replies":[{"embeddable":true,"href":"https:\/\/jmlcorporation.com\/espanol\/wp-json\/wp\/v2\/comments?post=692"}],"version-history":[{"count":0,"href":"https:\/\/jmlcorporation.com\/espanol\/wp-json\/wp\/v2\/pages\/692\/revisions"}],"wp:attachment":[{"href":"https:\/\/jmlcorporation.com\/espanol\/wp-json\/wp\/v2\/media?parent=692"}],"curies":[{"name":"wp","href":"https:\/\/api.w.org\/{rel}","templated":true}]}}