{"id":715,"date":"2016-06-28T16:54:31","date_gmt":"2016-06-28T21:54:31","guid":{"rendered":"http:\/\/jmlcorporation.com\/?page_id=715"},"modified":"2019-03-29T11:40:00","modified_gmt":"2019-03-29T16:40:00","slug":"british-virgin-islands","status":"publish","type":"page","link":"https:\/\/jmlcorporation.com\/espanol\/british-virgin-islands\/","title":{"rendered":"Islas V\u00edrgenes Brit\u00e1nicas"},"content":{"rendered":"<div class=\"wpb-content-wrapper\">[vc_row parallax=&#8221;content-moving&#8221; parallax_image=&#8221;712&#8243; parallax_speed_bg=&#8221;2.5&#8243;][vc_column][vc_column_text css=&#8221;.vc_custom_1553877520554{padding-top: 100px !important;padding-bottom: 100px !important;}&#8221;]\n<h1 style=\"text-align: center;\"><span style=\"color: #ffffff;\">DeliverIT Servicios de Env\u00edos<\/span> <span style=\"color: #f2682e;\">&gt; BVI<\/span><\/h1>\n[\/vc_column_text][\/vc_column][\/vc_row][vc_row css=&#8221;.vc_custom_1467065629241{padding-top: 75px !important;padding-right: 10% !important;padding-bottom: 75px !important;padding-left: 10% !important;background-color: #ffffff !important;}&#8221;][vc_column padding_left=&#8221;21px&#8221;][vc_row_inner][vc_column_inner width=&#8221;1\/2&#8243;][vc_column_text]\n<h2>Introducci\u00f3n<\/h2>\n[\/vc_column_text][vc_separator color=&#8221;custom&#8221; align=&#8221;align_left&#8221; border_width=&#8221;3&#8243; el_width=&#8221;10&#8243; accent_color=&#8221;#f2682e&#8221; css=&#8221;.vc_custom_1467148313168{padding-top: 15px !important;padding-bottom: 30px !important;}&#8221;][vc_column_text el_class=&#8221;excerpt&#8221; css=&#8221;.vc_custom_1553877530524{margin-bottom: 30px !important;}&#8221;]DeliverIT Servicios de Env\u00edos BVI es su soluci\u00f3n personal para sus env\u00edos desde y hacia las Islas V\u00edrgenes Brit\u00e1nicas.[\/vc_column_text][vc_column_text]Tenemos el paquete completo. DeliverIT Servicios de Env\u00edos es una compa\u00f1\u00eda dedicada a ofrecer soluciones para todo tipo de log\u00edstica y transporte de mercanc\u00edas. Obtenga una direcci\u00f3n en los Estados Unidos, y obtenga sus bienes, acceso, gesti\u00f3n, consolidaci\u00f3n, nave y seguimiento de sus paquetes.<\/p>\n<p><a href=\"http:\/\/www.jmluser.raicesexpress.com\/\">Reg\u00edstrese<\/a> ahora y comience\u00a0a recibir su\u00a0mercanc\u00eda.[\/vc_column_text][\/vc_column_inner][vc_column_inner width=&#8221;1\/2&#8243;][vc_column_text]\n<h3>Servicios<\/h3>\n[\/vc_column_text]<div class=\"vcex-spacing wpex-w-100 wpex-clear\"><\/div>[vc_column_text el_class=&#8221;excerpt&#8221;]Consolidaci\u00f3n de carga a\u00e9rea y mar\u00edtima[\/vc_column_text][vc_column_text]Usted puede recibir en nuestra direcci\u00f3n la cantidad de paquetes que desee, y consolidar m\u00faltiples paquetes en un solo env\u00edo.[\/vc_column_text]<div class=\"vcex-spacing wpex-w-100 wpex-clear\" style=\"height:15px;\"><\/div>[vc_column_text el_class=&#8221;excerpt&#8221;]Servicio de broker[\/vc_column_text][vc_column_text]No necesita estresarse. Nosotros podemos encargarnos de preparar todo el papeleo\u00a0necesario para cualquier \u00edtem, ya sea que seamos los transportistas o la agencia.[\/vc_column_text]<div class=\"vcex-spacing wpex-w-100 wpex-clear\" style=\"height:15px;\"><\/div>[vc_column_text el_class=&#8221;excerpt&#8221;]Despachante de aduanas[\/vc_column_text][vc_column_text]Ya sea que necesite papeleos aduaneros o declaraciones,\u00a0 DeliverIT ofrece un servicio completo.[\/vc_column_text]<div class=\"vcex-spacing wpex-w-100 wpex-clear\" style=\"height:15px;\"><\/div>[vc_column_text el_class=&#8221;excerpt&#8221;]Transporte y distribuci\u00f3n[\/vc_column_text][vc_column_text]Podemos transportar y distribuir su carga a\u00e9rea o mar\u00edtima desde el puerto de entrada a su ubicaci\u00f3n, y ahorrar tiempo de venir a nuestra ubicaci\u00f3n. Se aplican cargos adicionales.[\/vc_column_text]<div class=\"vcex-spacing wpex-w-100 wpex-clear\" style=\"height:15px;\"><\/div>[vc_column_text el_class=&#8221;excerpt&#8221;]Proyecto de log\u00edstica[\/vc_column_text][vc_column_text]Podemos manejar toda sus necesidades de log\u00edstica, mientras usted se concentra en su proyecto.[\/vc_column_text]<div class=\"vcex-spacing wpex-w-100 wpex-clear\" style=\"height:15px;\"><\/div>[vc_column_text el_class=&#8221;excerpt&#8221;]Relocaci\u00f3n desde cualquier pa\u00eds a las Islas V\u00edrgenes Brit\u00e1nicas[\/vc_column_text][vc_column_text]Ya sea que usted se est\u00e1 mudando por trabajo o por residencia temporaria. Podemos transportar sus pertenencias con facilidad.[\/vc_column_text]<div class=\"vcex-spacing wpex-w-100 wpex-clear\" style=\"height:15px;\"><\/div>[vc_column_text el_class=&#8221;excerpt&#8221;]Veh\u00edculos y maquinaria pesada[\/vc_column_text][vc_column_text]No importa el modelo, la marca, el a\u00f1o, o tama\u00f1o, DeliverIT puede enviarlo.[\/vc_column_text][\/vc_column_inner][\/vc_row_inner]<div class=\"vcex-spacing wpex-w-100 wpex-clear\"><\/div>[vc_row_inner css=&#8221;.vc_custom_1467150602847{padding-bottom: 30px !important;background-color: #fbfbfb !important;}&#8221;][vc_column_inner][vc_column_text]\n<h3 style=\"text-align: center;\">Obt\u00e9ngalo! Env\u00edelo! No lo piense!<\/h3>\n[\/vc_column_text][\/vc_column_inner][\/vc_row_inner][\/vc_column][\/vc_row][vc_row parallax=&#8221;content-moving&#8221; parallax_image=&#8221;671&#8243; parallax_speed_bg=&#8221;2&#8243; typography_style=&#8221;white&#8221; center_row=&#8221;yes&#8221; css=&#8221;.vc_custom_1467064921578{padding-top: 75px !important;padding-right: 10% !important;padding-bottom: 75px !important;padding-left: 10% !important;}&#8221;][vc_column][vc_column_text]\n<h2 style=\"text-align: center;\"><span style=\"color: #ffffff;\">Consulta R\u00e1pida<\/span><\/h2>\n[\/vc_column_text][vc_separator color=&#8221;custom&#8221; border_width=&#8221;3&#8243; el_width=&#8221;10&#8243; accent_color=&#8221;#1e1a17&#8243; css=&#8221;.vc_custom_1467066612615{padding-top: 15px !important;padding-bottom: 30px !important;}&#8221;][vc_column_text el_class=&#8221;excerpt&#8221; css=&#8221;.vc_custom_1469144288492{margin-top: 15px !important;margin-bottom: 30px !important;}&#8221;]\n<p style=\"text-align: center;\">Obtenga un estimado detallado. Cliquee el bot\u00f3n y llene el formulario. Le responderemos a la brevedad posible.<\/p>\n[\/vc_column_text]<div class=\"theme-button-wrap textcenter theme-button-block-wrap wpex-block wpex-clear wpex-clr\"><a href=\"http:\/\/jmlcorporation.com\/espanol\/contact\/\" class=\"vcex-button theme-button flat align-center block\" style=\"background:#1e1a17;padding:10px 45px;color:#f5f3f4;font-size:16px;font-weight:300;border-radius:0px;font-family:Ubuntu;\" data-wpex-hover='{&quot;background&quot;:&quot;#000000&quot;,&quot;color&quot;:&quot;#ffffff&quot;}' title=\"Solicite un Estimado\"><span class=\"vcex-button-inner theme-button-inner\">Solicite un Estimado<\/span><\/a><\/div> [\/vc_column][\/vc_row]\n<\/div>","protected":false},"excerpt":{"rendered":"<p>[vc_row parallax=&#8221;content-moving&#8221; parallax_image=&#8221;712&#8243; parallax_speed_bg=&#8221;2.5&#8243;][vc_column][vc_column_text css=&#8221;.vc_custom_1553877520554{padding-top: 100px !important;padding-bottom: 100px !important;}&#8221;] DeliverIT Servicios de Env\u00edos &gt; BVI [\/vc_column_text][\/vc_column][\/vc_row][vc_row css=&#8221;.vc_custom_1467065629241{padding-top: 75px !important;padding-right: 10% !important;padding-bottom: 75px !important;padding-left: 10% !important;background-color: #ffffff !important;}&#8221;][vc_column padding_left=&#8221;21px&#8221;][vc_row_inner][vc_column_inner width=&#8221;1\/2&#8243;][vc_column_text] Introducci\u00f3n [\/vc_column_text][vc_separator color=&#8221;custom&#8221; align=&#8221;align_left&#8221; border_width=&#8221;3&#8243; el_width=&#8221;10&#8243; accent_color=&#8221;#f2682e&#8221; css=&#8221;.vc_custom_1467148313168{padding-top: 15px !important;padding-bottom: 30px !important;}&#8221;][vc_column_text el_class=&#8221;excerpt&#8221; css=&#8221;.vc_custom_1553877530524{margin-bottom: 30px !important;}&#8221;]DeliverIT Servicios de Env\u00edos BVI es su soluci\u00f3n personal para sus&hellip;<\/p>\n","protected":false},"author":1,"featured_media":0,"parent":0,"menu_order":0,"comment_status":"closed","ping_status":"closed","template":"","meta":{"footnotes":""},"class_list":["post-715","page","type-page","status-publish","hentry","entry","no-media"],"yoast_head":"<!-- This site is optimized with the Yoast SEO plugin v27.3 - https:\/\/yoast.com\/product\/yoast-seo-wordpress\/ -->\n<title>Islas V\u00edrgenes Brit\u00e1nicas - JML Corporation Espa\u00f1ol<\/title>\n<meta name=\"robots\" content=\"index, follow, max-snippet:-1, max-image-preview:large, max-video-preview:-1\" \/>\n<link rel=\"canonical\" href=\"https:\/\/jmlcorporation.com\/espanol\/british-virgin-islands\/\" \/>\n<meta property=\"og:locale\" content=\"en_US\" \/>\n<meta property=\"og:type\" content=\"article\" \/>\n<meta property=\"og:title\" content=\"Islas V\u00edrgenes Brit\u00e1nicas - JML Corporation Espa\u00f1ol\" \/>\n<meta property=\"og:description\" content=\"[vc_row parallax=&#8221;content-moving&#8221; parallax_image=&#8221;712&#8243; parallax_speed_bg=&#8221;2.5&#8243;][vc_column][vc_column_text css=&#8221;.vc_custom_1553877520554{padding-top: 100px !important;padding-bottom: 100px !important;}&#8221;] DeliverIT Servicios de Env\u00edos &gt; BVI [\/vc_column_text][\/vc_column][\/vc_row][vc_row css=&#8221;.vc_custom_1467065629241{padding-top: 75px !important;padding-right: 10% !important;padding-bottom: 75px !important;padding-left: 10% !important;background-color: #ffffff !important;}&#8221;][vc_column padding_left=&#8221;21px&#8221;][vc_row_inner][vc_column_inner width=&#8221;1\/2&#8243;][vc_column_text] Introducci\u00f3n [\/vc_column_text][vc_separator color=&#8221;custom&#8221; align=&#8221;align_left&#8221; border_width=&#8221;3&#8243; el_width=&#8221;10&#8243; accent_color=&#8221;#f2682e&#8221; css=&#8221;.vc_custom_1467148313168{padding-top: 15px !important;padding-bottom: 30px !important;}&#8221;][vc_column_text el_class=&#8221;excerpt&#8221; css=&#8221;.vc_custom_1553877530524{margin-bottom: 30px !important;}&#8221;]DeliverIT Servicios de Env\u00edos BVI es su soluci\u00f3n personal para sus&hellip;\" \/>\n<meta property=\"og:url\" content=\"https:\/\/jmlcorporation.com\/espanol\/british-virgin-islands\/\" \/>\n<meta property=\"og:site_name\" content=\"JML Corporation Espa\u00f1ol\" \/>\n<meta property=\"article:publisher\" content=\"https:\/\/www.facebook.com\/pages\/JML-Cargo-Logistics\/259834600847493\" \/>\n<meta property=\"article:modified_time\" content=\"2019-03-29T16:40:00+00:00\" \/>\n<meta name=\"twitter:card\" content=\"summary_large_image\" \/>\n<meta name=\"twitter:label1\" content=\"Est. reading time\" \/>\n\t<meta name=\"twitter:data1\" content=\"4 minutes\" \/>\n<script type=\"application\/ld+json\" class=\"yoast-schema-graph\">{\"@context\":\"https:\\\/\\\/schema.org\",\"@graph\":[{\"@type\":\"WebPage\",\"@id\":\"https:\\\/\\\/jmlcorporation.com\\\/espanol\\\/british-virgin-islands\\\/\",\"url\":\"https:\\\/\\\/jmlcorporation.com\\\/espanol\\\/british-virgin-islands\\\/\",\"name\":\"Islas V\u00edrgenes Brit\u00e1nicas - JML Corporation Espa\u00f1ol\",\"isPartOf\":{\"@id\":\"https:\\\/\\\/jmlcorporation.com\\\/espanol\\\/#website\"},\"datePublished\":\"2016-06-28T21:54:31+00:00\",\"dateModified\":\"2019-03-29T16:40:00+00:00\",\"breadcrumb\":{\"@id\":\"https:\\\/\\\/jmlcorporation.com\\\/espanol\\\/british-virgin-islands\\\/#breadcrumb\"},\"inLanguage\":\"en-US\",\"potentialAction\":[{\"@type\":\"ReadAction\",\"target\":[\"https:\\\/\\\/jmlcorporation.com\\\/espanol\\\/british-virgin-islands\\\/\"]}]},{\"@type\":\"BreadcrumbList\",\"@id\":\"https:\\\/\\\/jmlcorporation.com\\\/espanol\\\/british-virgin-islands\\\/#breadcrumb\",\"itemListElement\":[{\"@type\":\"ListItem\",\"position\":1,\"name\":\"Home\",\"item\":\"https:\\\/\\\/jmlcorporation.com\\\/espanol\\\/\"},{\"@type\":\"ListItem\",\"position\":2,\"name\":\"Islas V\u00edrgenes Brit\u00e1nicas\"}]},{\"@type\":\"WebSite\",\"@id\":\"https:\\\/\\\/jmlcorporation.com\\\/espanol\\\/#website\",\"url\":\"https:\\\/\\\/jmlcorporation.com\\\/espanol\\\/\",\"name\":\"JML Corporation\",\"description\":\"Cargo Services Miami - BVI\",\"publisher\":{\"@id\":\"https:\\\/\\\/jmlcorporation.com\\\/espanol\\\/#organization\"},\"potentialAction\":[{\"@type\":\"SearchAction\",\"target\":{\"@type\":\"EntryPoint\",\"urlTemplate\":\"https:\\\/\\\/jmlcorporation.com\\\/espanol\\\/?s={search_term_string}\"},\"query-input\":{\"@type\":\"PropertyValueSpecification\",\"valueRequired\":true,\"valueName\":\"search_term_string\"}}],\"inLanguage\":\"en-US\"},{\"@type\":\"Organization\",\"@id\":\"https:\\\/\\\/jmlcorporation.com\\\/espanol\\\/#organization\",\"name\":\"JML Corpporation\",\"url\":\"https:\\\/\\\/jmlcorporation.com\\\/espanol\\\/\",\"logo\":{\"@type\":\"ImageObject\",\"inLanguage\":\"en-US\",\"@id\":\"https:\\\/\\\/jmlcorporation.com\\\/espanol\\\/#\\\/schema\\\/logo\\\/image\\\/\",\"url\":\"https:\\\/\\\/jmlcorporation.com\\\/espanol\\\/wp-content\\\/uploads\\\/sites\\\/3\\\/2015\\\/05\\\/jml-logo-icon-152.png\",\"contentUrl\":\"https:\\\/\\\/jmlcorporation.com\\\/espanol\\\/wp-content\\\/uploads\\\/sites\\\/3\\\/2015\\\/05\\\/jml-logo-icon-152.png\",\"width\":152,\"height\":152,\"caption\":\"JML Corpporation\"},\"image\":{\"@id\":\"https:\\\/\\\/jmlcorporation.com\\\/espanol\\\/#\\\/schema\\\/logo\\\/image\\\/\"},\"sameAs\":[\"https:\\\/\\\/www.facebook.com\\\/pages\\\/JML-Cargo-Logistics\\\/259834600847493\"]}]}<\/script>\n<!-- \/ Yoast SEO plugin. -->","yoast_head_json":{"title":"Islas V\u00edrgenes Brit\u00e1nicas - JML Corporation Espa\u00f1ol","robots":{"index":"index","follow":"follow","max-snippet":"max-snippet:-1","max-image-preview":"max-image-preview:large","max-video-preview":"max-video-preview:-1"},"canonical":"https:\/\/jmlcorporation.com\/espanol\/british-virgin-islands\/","og_locale":"en_US","og_type":"article","og_title":"Islas V\u00edrgenes Brit\u00e1nicas - JML Corporation Espa\u00f1ol","og_description":"[vc_row parallax=&#8221;content-moving&#8221; parallax_image=&#8221;712&#8243; parallax_speed_bg=&#8221;2.5&#8243;][vc_column][vc_column_text css=&#8221;.vc_custom_1553877520554{padding-top: 100px !important;padding-bottom: 100px !important;}&#8221;] DeliverIT Servicios de Env\u00edos &gt; BVI [\/vc_column_text][\/vc_column][\/vc_row][vc_row css=&#8221;.vc_custom_1467065629241{padding-top: 75px !important;padding-right: 10% !important;padding-bottom: 75px !important;padding-left: 10% !important;background-color: #ffffff !important;}&#8221;][vc_column padding_left=&#8221;21px&#8221;][vc_row_inner][vc_column_inner width=&#8221;1\/2&#8243;][vc_column_text] Introducci\u00f3n [\/vc_column_text][vc_separator color=&#8221;custom&#8221; align=&#8221;align_left&#8221; border_width=&#8221;3&#8243; el_width=&#8221;10&#8243; accent_color=&#8221;#f2682e&#8221; css=&#8221;.vc_custom_1467148313168{padding-top: 15px !important;padding-bottom: 30px !important;}&#8221;][vc_column_text el_class=&#8221;excerpt&#8221; css=&#8221;.vc_custom_1553877530524{margin-bottom: 30px !important;}&#8221;]DeliverIT Servicios de Env\u00edos BVI es su soluci\u00f3n personal para sus&hellip;","og_url":"https:\/\/jmlcorporation.com\/espanol\/british-virgin-islands\/","og_site_name":"JML Corporation Espa\u00f1ol","article_publisher":"https:\/\/www.facebook.com\/pages\/JML-Cargo-Logistics\/259834600847493","article_modified_time":"2019-03-29T16:40:00+00:00","twitter_card":"summary_large_image","twitter_misc":{"Est. reading time":"4 minutes"},"schema":{"@context":"https:\/\/schema.org","@graph":[{"@type":"WebPage","@id":"https:\/\/jmlcorporation.com\/espanol\/british-virgin-islands\/","url":"https:\/\/jmlcorporation.com\/espanol\/british-virgin-islands\/","name":"Islas V\u00edrgenes Brit\u00e1nicas - JML Corporation Espa\u00f1ol","isPartOf":{"@id":"https:\/\/jmlcorporation.com\/espanol\/#website"},"datePublished":"2016-06-28T21:54:31+00:00","dateModified":"2019-03-29T16:40:00+00:00","breadcrumb":{"@id":"https:\/\/jmlcorporation.com\/espanol\/british-virgin-islands\/#breadcrumb"},"inLanguage":"en-US","potentialAction":[{"@type":"ReadAction","target":["https:\/\/jmlcorporation.com\/espanol\/british-virgin-islands\/"]}]},{"@type":"BreadcrumbList","@id":"https:\/\/jmlcorporation.com\/espanol\/british-virgin-islands\/#breadcrumb","itemListElement":[{"@type":"ListItem","position":1,"name":"Home","item":"https:\/\/jmlcorporation.com\/espanol\/"},{"@type":"ListItem","position":2,"name":"Islas V\u00edrgenes Brit\u00e1nicas"}]},{"@type":"WebSite","@id":"https:\/\/jmlcorporation.com\/espanol\/#website","url":"https:\/\/jmlcorporation.com\/espanol\/","name":"JML Corporation","description":"Cargo Services Miami - BVI","publisher":{"@id":"https:\/\/jmlcorporation.com\/espanol\/#organization"},"potentialAction":[{"@type":"SearchAction","target":{"@type":"EntryPoint","urlTemplate":"https:\/\/jmlcorporation.com\/espanol\/?s={search_term_string}"},"query-input":{"@type":"PropertyValueSpecification","valueRequired":true,"valueName":"search_term_string"}}],"inLanguage":"en-US"},{"@type":"Organization","@id":"https:\/\/jmlcorporation.com\/espanol\/#organization","name":"JML Corpporation","url":"https:\/\/jmlcorporation.com\/espanol\/","logo":{"@type":"ImageObject","inLanguage":"en-US","@id":"https:\/\/jmlcorporation.com\/espanol\/#\/schema\/logo\/image\/","url":"https:\/\/jmlcorporation.com\/espanol\/wp-content\/uploads\/sites\/3\/2015\/05\/jml-logo-icon-152.png","contentUrl":"https:\/\/jmlcorporation.com\/espanol\/wp-content\/uploads\/sites\/3\/2015\/05\/jml-logo-icon-152.png","width":152,"height":152,"caption":"JML Corpporation"},"image":{"@id":"https:\/\/jmlcorporation.com\/espanol\/#\/schema\/logo\/image\/"},"sameAs":["https:\/\/www.facebook.com\/pages\/JML-Cargo-Logistics\/259834600847493"]}]}},"jetpack_sharing_enabled":true,"_links":{"self":[{"href":"https:\/\/jmlcorporation.com\/espanol\/wp-json\/wp\/v2\/pages\/715","targetHints":{"allow":["GET"]}}],"collection":[{"href":"https:\/\/jmlcorporation.com\/espanol\/wp-json\/wp\/v2\/pages"}],"about":[{"href":"https:\/\/jmlcorporation.com\/espanol\/wp-json\/wp\/v2\/types\/page"}],"author":[{"embeddable":true,"href":"https:\/\/jmlcorporation.com\/espanol\/wp-json\/wp\/v2\/users\/1"}],"replies":[{"embeddable":true,"href":"https:\/\/jmlcorporation.com\/espanol\/wp-json\/wp\/v2\/comments?post=715"}],"version-history":[{"count":0,"href":"https:\/\/jmlcorporation.com\/espanol\/wp-json\/wp\/v2\/pages\/715\/revisions"}],"wp:attachment":[{"href":"https:\/\/jmlcorporation.com\/espanol\/wp-json\/wp\/v2\/media?parent=715"}],"curies":[{"name":"wp","href":"https:\/\/api.w.org\/{rel}","templated":true}]}}