{"id":718,"date":"2016-06-28T17:06:46","date_gmt":"2016-06-28T22:06:46","guid":{"rendered":"http:\/\/jmlcorporation.com\/?page_id=718"},"modified":"2023-06-27T11:55:36","modified_gmt":"2023-06-27T16:55:36","slug":"miami","status":"publish","type":"page","link":"https:\/\/jmlcorporation.com\/espanol\/miami\/","title":{"rendered":"Miami"},"content":{"rendered":"<div class=\"wpb-content-wrapper\">[vc_row parallax=&#8221;content-moving&#8221; parallax_image=&#8221;712&#8243; parallax_speed_bg=&#8221;2.5&#8243;][vc_column][vc_column_text css=&#8221;.vc_custom_1470266478204{padding-top: 100px !important;padding-bottom: 100px !important;}&#8221;]\n<h1 style=\"text-align: center;\"><span style=\"color: #ffffff;\">1 JML DeliverIT<\/span> <span style=\"color: #f2682e;\">&gt; Miami<\/span><\/h1>\n[\/vc_column_text][\/vc_column][\/vc_row][vc_row css=&#8221;.vc_custom_1467065629241{padding-top: 75px !important;padding-right: 10% !important;padding-bottom: 75px !important;padding-left: 10% !important;background-color: #ffffff !important;}&#8221;][vc_column padding_left=&#8221;21px&#8221;][vc_row_inner][vc_column_inner width=&#8221;1\/2&#8243;][vc_column_text]\n<h2>Introducci\u00f3n<\/h2>\n[\/vc_column_text][vc_separator color=&#8221;custom&#8221; align=&#8221;align_left&#8221; border_width=&#8221;3&#8243; el_width=&#8221;10&#8243; accent_color=&#8221;#f2682e&#8221; css=&#8221;.vc_custom_1467148313168{padding-top: 15px !important;padding-bottom: 30px !important;}&#8221;][vc_column_text el_class=&#8221;excerpt&#8221; css=&#8221;.vc_custom_1553877681003{margin-bottom: 30px !important;}&#8221;]1 JML DeliverIT, lider de Env\u00edo de Carga en Miami, es una empresa con certificaci\u00f3n y licencia de la TSA, donde la magia sucede.[\/vc_column_text][vc_column_text]Nuestro almac\u00e9n se encarga de recibir, procesar, dividir y distribuir paquetes a todas nuestras localidades. El personal de 1 JML DeliverIT est\u00e1n altamente capacitado en todas las funciones de log\u00edstica para llevar a cabo nuestras operaciones con eficiencia y responsabilidad, tomando siempre el mejor cuidado de las pertenencias de los clientes. Nuestro equipo se dedica a proporcionar las mejores soluciones para satisfacer las necesidades de nuestros clientes de una manera fiable y consistente. Nuestro trabajo es recibir y enviar su carga en perfectas condiciones, de manera que reciba exactamente lo que pidi\u00f3. Estamos orgullosos de ofrecer a nuestros clientes el mejor servicio posible en cada transacci\u00f3n.<\/p>\n<p>Ofrecemos varios servicios para hacer el env\u00edo m\u00e1s conveniente a nuestros clientes. Podemos almacenar sus pertenencias de forma segura en nuestras dependencias por todo el tiempo que sea necesario, de acuerdo a sus instrucciones, hasta que tenga todo completamente listo para ser enviado a destino. Para obtener todos los detalles sobre c\u00f3mo aprovechar nuestros servicios, p\u00f3ngase en contacto con nosotros. Esperamos cubrir todas sus necesidades de log\u00edstica.[\/vc_column_text][\/vc_column_inner][vc_column_inner width=&#8221;1\/2&#8243;][vc_column_text]\n<h3>Servicios<\/h3>\n[\/vc_column_text]<div class=\"vcex-spacing wpex-w-100 wpex-clear\"><\/div>[vc_column_text el_class=&#8221;excerpt&#8221;]Almacenamiento por contrato[\/vc_column_text][vc_column_text]Podemos almacenar art\u00edculos durante meses a una cuota m\u00ednima hasta que est\u00e9 listo para su entrega.[\/vc_column_text]<div class=\"vcex-spacing wpex-w-100 wpex-clear\" style=\"height:15px;\"><\/div>[vc_column_text el_class=&#8221;excerpt&#8221;]Recogida de bienes[\/vc_column_text][vc_column_text]Ya sea que usted\u00a0est\u00e1 demasiado ocupado o fuera del estado y necesita art\u00edculos que deben recogerse de un vendedor, o tal vez usted est\u00e1 de compras en Miami pero necesita un transporte de regreso a nuestro almac\u00e9n con los art\u00edculos que ser\u00e1n\u00a0enviados. Se aplican cargos adicionales.[\/vc_column_text]<div class=\"vcex-spacing wpex-w-100 wpex-clear\" style=\"height:15px;\"><\/div>[vc_column_text el_class=&#8221;excerpt&#8221;]Almacenamiento de contenedores[\/vc_column_text][vc_column_text]Almacenamos su contenedor en nuestras dependencias hasta que est\u00e9 lleno y listo\u00a0para ser despachado. Se aplican cargos adicionales.[\/vc_column_text]<div class=\"vcex-spacing wpex-w-100 wpex-clear\" style=\"height:15px;\"><\/div>[vc_column_text el_class=&#8221;excerpt&#8221;]Re-empaque[\/vc_column_text][vc_column_text]Podemos embalar sus art\u00edculos y combinar todos sus paquetes de acuerdo a sus instrucciones, por un m\u00f3dico precio.[\/vc_column_text][\/vc_column_inner][\/vc_row_inner][\/vc_column][\/vc_row][vc_row parallax=&#8221;content-moving&#8221; parallax_image=&#8221;671&#8243; parallax_speed_bg=&#8221;2&#8243; typography_style=&#8221;white&#8221; center_row=&#8221;yes&#8221; css=&#8221;.vc_custom_1467064921578{padding-top: 75px !important;padding-right: 10% !important;padding-bottom: 75px !important;padding-left: 10% !important;}&#8221;][vc_column][vc_column_text]\n<h2 style=\"text-align: center;\"><span style=\"color: #ffffff;\">Consulta R\u00e1pida<\/span><\/h2>\n[\/vc_column_text][vc_separator color=&#8221;custom&#8221; border_width=&#8221;3&#8243; el_width=&#8221;10&#8243; accent_color=&#8221;#1e1a17&#8243; css=&#8221;.vc_custom_1467066612615{padding-top: 15px !important;padding-bottom: 30px !important;}&#8221;][vc_column_text el_class=&#8221;excerpt&#8221; css=&#8221;.vc_custom_1469144345866{margin-top: 15px !important;margin-bottom: 30px !important;}&#8221;]\n<p style=\"text-align: center;\">Obtenga un estimado detallado. Cliquee el bot\u00f3n y llene el formulario. Le responderemos a la brevedad posible.<\/p>\n[\/vc_column_text]<div class=\"theme-button-wrap textcenter theme-button-block-wrap wpex-block wpex-clear wpex-clr\"><a href=\"http:\/\/jmlcorporation.com\/espanol\/contact\/\" class=\"vcex-button theme-button flat align-center block\" style=\"background:#1e1a17;padding:10px 45px;color:#f5f3f4;font-size:16px;font-weight:300;border-radius:0px;font-family:Ubuntu;\" data-wpex-hover='{&quot;background&quot;:&quot;#000000&quot;,&quot;color&quot;:&quot;#ffffff&quot;}' title=\"Solicite un Estimado\"><span class=\"vcex-button-inner theme-button-inner\">Solicite un Estimado<\/span><\/a><\/div> [\/vc_column][\/vc_row]\n<\/div>","protected":false},"excerpt":{"rendered":"<p>[vc_row parallax=&#8221;content-moving&#8221; parallax_image=&#8221;712&#8243; parallax_speed_bg=&#8221;2.5&#8243;][vc_column][vc_column_text css=&#8221;.vc_custom_1470266478204{padding-top: 100px !important;padding-bottom: 100px !important;}&#8221;] 1 JML DeliverIT &gt; Miami [\/vc_column_text][\/vc_column][\/vc_row][vc_row css=&#8221;.vc_custom_1467065629241{padding-top: 75px !important;padding-right: 10% !important;padding-bottom: 75px !important;padding-left: 10% !important;background-color: #ffffff !important;}&#8221;][vc_column padding_left=&#8221;21px&#8221;][vc_row_inner][vc_column_inner width=&#8221;1\/2&#8243;][vc_column_text] Introducci\u00f3n [\/vc_column_text][vc_separator color=&#8221;custom&#8221; align=&#8221;align_left&#8221; border_width=&#8221;3&#8243; el_width=&#8221;10&#8243; accent_color=&#8221;#f2682e&#8221; css=&#8221;.vc_custom_1467148313168{padding-top: 15px !important;padding-bottom: 30px !important;}&#8221;][vc_column_text el_class=&#8221;excerpt&#8221; css=&#8221;.vc_custom_1553877681003{margin-bottom: 30px !important;}&#8221;]1 JML DeliverIT, lider de Env\u00edo de Carga en Miami, es una&hellip;<\/p>\n","protected":false},"author":1,"featured_media":712,"parent":0,"menu_order":0,"comment_status":"closed","ping_status":"closed","template":"","meta":{"footnotes":""},"class_list":["post-718","page","type-page","status-publish","has-post-thumbnail","hentry","entry","has-media"],"yoast_head":"<!-- This site is optimized with the Yoast SEO plugin v27.6 - https:\/\/yoast.com\/product\/yoast-seo-wordpress\/ -->\n<title>Env\u00edo de Carga en Miami - JML Corporation<\/title>\n<meta name=\"description\" content=\"JML DeliverIT, lider de Env\u00edo de Carga en Miami, es una empresa con certificaci\u00f3n y licencia de la TSA y NVOCC. Entrega su mercancia antes, por menos.\" \/>\n<meta name=\"robots\" content=\"index, follow, max-snippet:-1, max-image-preview:large, max-video-preview:-1\" \/>\n<link rel=\"canonical\" href=\"https:\/\/jmlcorporation.com\/espanol\/miami\/\" \/>\n<meta property=\"og:locale\" content=\"en_US\" \/>\n<meta property=\"og:type\" content=\"article\" \/>\n<meta property=\"og:title\" content=\"Env\u00edo de Carga en Miami - JML Corporation\" \/>\n<meta property=\"og:description\" content=\"JML DeliverIT, lider de Env\u00edo de Carga en Miami, es una empresa con certificaci\u00f3n y licencia de la TSA y NVOCC. Entrega su mercancia antes, por menos.\" \/>\n<meta property=\"og:url\" content=\"https:\/\/jmlcorporation.com\/espanol\/miami\/\" \/>\n<meta property=\"og:site_name\" content=\"JML Corporation Espa\u00f1ol\" \/>\n<meta property=\"article:publisher\" content=\"https:\/\/www.facebook.com\/pages\/JML-Cargo-Logistics\/259834600847493\" \/>\n<meta property=\"article:modified_time\" content=\"2023-06-27T16:55:36+00:00\" \/>\n<meta property=\"og:image\" content=\"http:\/\/jmlcorporation.com\/espanol\/wp-content\/uploads\/sites\/3\/2016\/06\/deliverit-bg-3.jpg\" \/>\n\t<meta property=\"og:image:width\" content=\"1440\" \/>\n\t<meta property=\"og:image:height\" content=\"600\" \/>\n\t<meta property=\"og:image:type\" content=\"image\/jpeg\" \/>\n<meta name=\"twitter:card\" content=\"summary_large_image\" \/>\n<meta name=\"twitter:label1\" content=\"Est. reading time\" \/>\n\t<meta name=\"twitter:data1\" content=\"2 minutes\" \/>\n<script type=\"application\/ld+json\" class=\"yoast-schema-graph\">{\"@context\":\"https:\\\/\\\/schema.org\",\"@graph\":[{\"@type\":\"WebPage\",\"@id\":\"https:\\\/\\\/jmlcorporation.com\\\/espanol\\\/miami\\\/\",\"url\":\"https:\\\/\\\/jmlcorporation.com\\\/espanol\\\/miami\\\/\",\"name\":\"Env\u00edo de Carga en Miami - JML Corporation\",\"isPartOf\":{\"@id\":\"https:\\\/\\\/jmlcorporation.com\\\/espanol\\\/#website\"},\"primaryImageOfPage\":{\"@id\":\"https:\\\/\\\/jmlcorporation.com\\\/espanol\\\/miami\\\/#primaryimage\"},\"image\":{\"@id\":\"https:\\\/\\\/jmlcorporation.com\\\/espanol\\\/miami\\\/#primaryimage\"},\"thumbnailUrl\":\"https:\\\/\\\/i0.wp.com\\\/jmlcorporation.com\\\/espanol\\\/wp-content\\\/uploads\\\/sites\\\/3\\\/2016\\\/06\\\/deliverit-bg-3.jpg?fit=1440%2C600&ssl=1\",\"datePublished\":\"2016-06-28T22:06:46+00:00\",\"dateModified\":\"2023-06-27T16:55:36+00:00\",\"description\":\"JML DeliverIT, lider de Env\u00edo de Carga en Miami, es una empresa con certificaci\u00f3n y licencia de la TSA y NVOCC. Entrega su mercancia antes, por menos.\",\"breadcrumb\":{\"@id\":\"https:\\\/\\\/jmlcorporation.com\\\/espanol\\\/miami\\\/#breadcrumb\"},\"inLanguage\":\"en-US\",\"potentialAction\":[{\"@type\":\"ReadAction\",\"target\":[\"https:\\\/\\\/jmlcorporation.com\\\/espanol\\\/miami\\\/\"]}]},{\"@type\":\"ImageObject\",\"inLanguage\":\"en-US\",\"@id\":\"https:\\\/\\\/jmlcorporation.com\\\/espanol\\\/miami\\\/#primaryimage\",\"url\":\"https:\\\/\\\/i0.wp.com\\\/jmlcorporation.com\\\/espanol\\\/wp-content\\\/uploads\\\/sites\\\/3\\\/2016\\\/06\\\/deliverit-bg-3.jpg?fit=1440%2C600&ssl=1\",\"contentUrl\":\"https:\\\/\\\/i0.wp.com\\\/jmlcorporation.com\\\/espanol\\\/wp-content\\\/uploads\\\/sites\\\/3\\\/2016\\\/06\\\/deliverit-bg-3.jpg?fit=1440%2C600&ssl=1\",\"width\":1440,\"height\":600,\"caption\":\"Env\u00edo de Carga\"},{\"@type\":\"BreadcrumbList\",\"@id\":\"https:\\\/\\\/jmlcorporation.com\\\/espanol\\\/miami\\\/#breadcrumb\",\"itemListElement\":[{\"@type\":\"ListItem\",\"position\":1,\"name\":\"Home\",\"item\":\"https:\\\/\\\/jmlcorporation.com\\\/espanol\\\/\"},{\"@type\":\"ListItem\",\"position\":2,\"name\":\"Miami\"}]},{\"@type\":\"WebSite\",\"@id\":\"https:\\\/\\\/jmlcorporation.com\\\/espanol\\\/#website\",\"url\":\"https:\\\/\\\/jmlcorporation.com\\\/espanol\\\/\",\"name\":\"JML Corporation\",\"description\":\"Cargo Services Miami - BVI\",\"publisher\":{\"@id\":\"https:\\\/\\\/jmlcorporation.com\\\/espanol\\\/#organization\"},\"potentialAction\":[{\"@type\":\"SearchAction\",\"target\":{\"@type\":\"EntryPoint\",\"urlTemplate\":\"https:\\\/\\\/jmlcorporation.com\\\/espanol\\\/?s={search_term_string}\"},\"query-input\":{\"@type\":\"PropertyValueSpecification\",\"valueRequired\":true,\"valueName\":\"search_term_string\"}}],\"inLanguage\":\"en-US\"},{\"@type\":\"Organization\",\"@id\":\"https:\\\/\\\/jmlcorporation.com\\\/espanol\\\/#organization\",\"name\":\"JML Corpporation\",\"url\":\"https:\\\/\\\/jmlcorporation.com\\\/espanol\\\/\",\"logo\":{\"@type\":\"ImageObject\",\"inLanguage\":\"en-US\",\"@id\":\"https:\\\/\\\/jmlcorporation.com\\\/espanol\\\/#\\\/schema\\\/logo\\\/image\\\/\",\"url\":\"https:\\\/\\\/jmlcorporation.com\\\/espanol\\\/wp-content\\\/uploads\\\/sites\\\/3\\\/2015\\\/05\\\/jml-logo-icon-152.png\",\"contentUrl\":\"https:\\\/\\\/jmlcorporation.com\\\/espanol\\\/wp-content\\\/uploads\\\/sites\\\/3\\\/2015\\\/05\\\/jml-logo-icon-152.png\",\"width\":152,\"height\":152,\"caption\":\"JML Corpporation\"},\"image\":{\"@id\":\"https:\\\/\\\/jmlcorporation.com\\\/espanol\\\/#\\\/schema\\\/logo\\\/image\\\/\"},\"sameAs\":[\"https:\\\/\\\/www.facebook.com\\\/pages\\\/JML-Cargo-Logistics\\\/259834600847493\"]}]}<\/script>\n<!-- \/ Yoast SEO plugin. -->","yoast_head_json":{"title":"Env\u00edo de Carga en Miami - JML Corporation","description":"JML DeliverIT, lider de Env\u00edo de Carga en Miami, es una empresa con certificaci\u00f3n y licencia de la TSA y NVOCC. Entrega su mercancia antes, por menos.","robots":{"index":"index","follow":"follow","max-snippet":"max-snippet:-1","max-image-preview":"max-image-preview:large","max-video-preview":"max-video-preview:-1"},"canonical":"https:\/\/jmlcorporation.com\/espanol\/miami\/","og_locale":"en_US","og_type":"article","og_title":"Env\u00edo de Carga en Miami - JML Corporation","og_description":"JML DeliverIT, lider de Env\u00edo de Carga en Miami, es una empresa con certificaci\u00f3n y licencia de la TSA y NVOCC. Entrega su mercancia antes, por menos.","og_url":"https:\/\/jmlcorporation.com\/espanol\/miami\/","og_site_name":"JML Corporation Espa\u00f1ol","article_publisher":"https:\/\/www.facebook.com\/pages\/JML-Cargo-Logistics\/259834600847493","article_modified_time":"2023-06-27T16:55:36+00:00","og_image":[{"width":1440,"height":600,"url":"http:\/\/jmlcorporation.com\/espanol\/wp-content\/uploads\/sites\/3\/2016\/06\/deliverit-bg-3.jpg","type":"image\/jpeg"}],"twitter_card":"summary_large_image","twitter_misc":{"Est. reading time":"2 minutes"},"schema":{"@context":"https:\/\/schema.org","@graph":[{"@type":"WebPage","@id":"https:\/\/jmlcorporation.com\/espanol\/miami\/","url":"https:\/\/jmlcorporation.com\/espanol\/miami\/","name":"Env\u00edo de Carga en Miami - JML Corporation","isPartOf":{"@id":"https:\/\/jmlcorporation.com\/espanol\/#website"},"primaryImageOfPage":{"@id":"https:\/\/jmlcorporation.com\/espanol\/miami\/#primaryimage"},"image":{"@id":"https:\/\/jmlcorporation.com\/espanol\/miami\/#primaryimage"},"thumbnailUrl":"https:\/\/i0.wp.com\/jmlcorporation.com\/espanol\/wp-content\/uploads\/sites\/3\/2016\/06\/deliverit-bg-3.jpg?fit=1440%2C600&ssl=1","datePublished":"2016-06-28T22:06:46+00:00","dateModified":"2023-06-27T16:55:36+00:00","description":"JML DeliverIT, lider de Env\u00edo de Carga en Miami, es una empresa con certificaci\u00f3n y licencia de la TSA y NVOCC. Entrega su mercancia antes, por menos.","breadcrumb":{"@id":"https:\/\/jmlcorporation.com\/espanol\/miami\/#breadcrumb"},"inLanguage":"en-US","potentialAction":[{"@type":"ReadAction","target":["https:\/\/jmlcorporation.com\/espanol\/miami\/"]}]},{"@type":"ImageObject","inLanguage":"en-US","@id":"https:\/\/jmlcorporation.com\/espanol\/miami\/#primaryimage","url":"https:\/\/i0.wp.com\/jmlcorporation.com\/espanol\/wp-content\/uploads\/sites\/3\/2016\/06\/deliverit-bg-3.jpg?fit=1440%2C600&ssl=1","contentUrl":"https:\/\/i0.wp.com\/jmlcorporation.com\/espanol\/wp-content\/uploads\/sites\/3\/2016\/06\/deliverit-bg-3.jpg?fit=1440%2C600&ssl=1","width":1440,"height":600,"caption":"Env\u00edo de Carga"},{"@type":"BreadcrumbList","@id":"https:\/\/jmlcorporation.com\/espanol\/miami\/#breadcrumb","itemListElement":[{"@type":"ListItem","position":1,"name":"Home","item":"https:\/\/jmlcorporation.com\/espanol\/"},{"@type":"ListItem","position":2,"name":"Miami"}]},{"@type":"WebSite","@id":"https:\/\/jmlcorporation.com\/espanol\/#website","url":"https:\/\/jmlcorporation.com\/espanol\/","name":"JML Corporation","description":"Cargo Services Miami - BVI","publisher":{"@id":"https:\/\/jmlcorporation.com\/espanol\/#organization"},"potentialAction":[{"@type":"SearchAction","target":{"@type":"EntryPoint","urlTemplate":"https:\/\/jmlcorporation.com\/espanol\/?s={search_term_string}"},"query-input":{"@type":"PropertyValueSpecification","valueRequired":true,"valueName":"search_term_string"}}],"inLanguage":"en-US"},{"@type":"Organization","@id":"https:\/\/jmlcorporation.com\/espanol\/#organization","name":"JML Corpporation","url":"https:\/\/jmlcorporation.com\/espanol\/","logo":{"@type":"ImageObject","inLanguage":"en-US","@id":"https:\/\/jmlcorporation.com\/espanol\/#\/schema\/logo\/image\/","url":"https:\/\/jmlcorporation.com\/espanol\/wp-content\/uploads\/sites\/3\/2015\/05\/jml-logo-icon-152.png","contentUrl":"https:\/\/jmlcorporation.com\/espanol\/wp-content\/uploads\/sites\/3\/2015\/05\/jml-logo-icon-152.png","width":152,"height":152,"caption":"JML Corpporation"},"image":{"@id":"https:\/\/jmlcorporation.com\/espanol\/#\/schema\/logo\/image\/"},"sameAs":["https:\/\/www.facebook.com\/pages\/JML-Cargo-Logistics\/259834600847493"]}]}},"jetpack_sharing_enabled":true,"_links":{"self":[{"href":"https:\/\/jmlcorporation.com\/espanol\/wp-json\/wp\/v2\/pages\/718","targetHints":{"allow":["GET"]}}],"collection":[{"href":"https:\/\/jmlcorporation.com\/espanol\/wp-json\/wp\/v2\/pages"}],"about":[{"href":"https:\/\/jmlcorporation.com\/espanol\/wp-json\/wp\/v2\/types\/page"}],"author":[{"embeddable":true,"href":"https:\/\/jmlcorporation.com\/espanol\/wp-json\/wp\/v2\/users\/1"}],"replies":[{"embeddable":true,"href":"https:\/\/jmlcorporation.com\/espanol\/wp-json\/wp\/v2\/comments?post=718"}],"version-history":[{"count":0,"href":"https:\/\/jmlcorporation.com\/espanol\/wp-json\/wp\/v2\/pages\/718\/revisions"}],"wp:featuredmedia":[{"embeddable":true,"href":"https:\/\/jmlcorporation.com\/espanol\/wp-json\/wp\/v2\/media\/712"}],"wp:attachment":[{"href":"https:\/\/jmlcorporation.com\/espanol\/wp-json\/wp\/v2\/media?parent=718"}],"curies":[{"name":"wp","href":"https:\/\/api.w.org\/{rel}","templated":true}]}}