{"id":721,"date":"2016-06-28T17:30:58","date_gmt":"2016-06-28T22:30:58","guid":{"rendered":"http:\/\/jmlcorporation.com\/?page_id=721"},"modified":"2023-06-27T11:55:05","modified_gmt":"2023-06-27T16:55:05","slug":"courier","status":"publish","type":"page","link":"https:\/\/jmlcorporation.com\/espanol\/courier\/","title":{"rendered":"Entrega"},"content":{"rendered":"<div class=\"wpb-content-wrapper\">[vc_row parallax=&#8221;content-moving&#8221; parallax_image=&#8221;712&#8243; parallax_speed_bg=&#8221;2.5&#8243;][vc_column][vc_column_text css=&#8221;.vc_custom_1470266502066{padding-top: 100px !important;padding-bottom: 100px !important;}&#8221;]\n<h1 style=\"text-align: center;\"><span style=\"color: #ffffff;\">1 JML DeliverIT<\/span> <span style=\"color: #f2682e;\">&gt; Entrega<\/span><\/h1>\n[\/vc_column_text][\/vc_column][\/vc_row][vc_row css=&#8221;.vc_custom_1467065629241{padding-top: 75px !important;padding-right: 10% !important;padding-bottom: 75px !important;padding-left: 10% !important;background-color: #ffffff !important;}&#8221;][vc_column padding_left=&#8221;21px&#8221;][vc_row_inner][vc_column_inner][vc_column_text]\n<h2 style=\"text-align: center;\">Utilice nuestro servicio de mensajer\u00eda para enviar todos sus paquetes entregados<\/h2>\n[\/vc_column_text][vc_separator color=&#8221;custom&#8221; border_width=&#8221;3&#8243; el_width=&#8221;10&#8243; accent_color=&#8221;#f2682e&#8221; css=&#8221;.vc_custom_1467220047996{padding-top: 15px !important;padding-bottom: 30px !important;}&#8221;][vc_column_text el_class=&#8221;excerpt&#8221; css=&#8221;.vc_custom_1470256297957{margin-bottom: 30px !important;}&#8221;]\n<p style=\"text-align: center;\">1 JML DeliverIT ofrece un servicio de mensajer\u00eda de alta calidad para todo\u00a0cliente que necesite entregas de paquetes en mano.<\/p>\n[\/vc_column_text][vc_column_text]\n<p style=\"text-align: center;\">Podemos realizar las entregas que necesite a cualquier direcci\u00f3n f\u00edsica (no casillas de correos) de los EE.UU. Nuestra oficina en Miami se asegurar\u00e1n de que su paquete sea entregado desde su lugar de origen a la direcci\u00f3n del destinatario, tan r\u00e1pido y eficientemente como sea posible. Le notificaremos cuando recibimos su paquete, cuando es enviado a su destinatario, y el momento de entrega. Usted puede seguir los detalles de su env\u00edo como si fuese la persona que entrega el paquete. Tiene la opci\u00f3n de env\u00edo directo, de retenci\u00f3n de paquete en bodega, as\u00ed como para realizar un seguimiento de los paquetes a un almac\u00e9n local, o directamente al destinatario, con s\u00f3lo un click.<\/p>\n[\/vc_column_text]<div class=\"vcex-spacing wpex-w-100 wpex-clear\"><\/div>[\/vc_column_inner][\/vc_row_inner][vc_row_inner css=&#8221;.vc_custom_1467150602847{padding-bottom: 30px !important;background-color: #fbfbfb !important;}&#8221;][vc_column_inner][vc_column_text]\n<h3 style=\"text-align: center;\">Pr\u00e1ctico y Seguro<\/h3>\n[\/vc_column_text]<div class=\"vcex-spacing wpex-w-100 wpex-clear\"><\/div>[vc_column_text el_class=&#8221;excerpt&#8221; css=&#8221;.vc_custom_1470264862715{margin-bottom: 30px !important;}&#8221;]\n<p style=\"text-align: center;\">Este pr\u00e1ctico servicio hace que cualquier entrega sea f\u00e1cil y segura, para usted o su destinatario, con un sistema de seguimiento instant\u00e1neo.<\/p>\n[\/vc_column_text][vc_column_text]\n<p style=\"text-align: center;\">Nuestros mensajeros son expertos en entregar la encomienda,\u00a0con un m\u00ednimo de esfuerzo. Puede tener la total confianza de que su encomienda llegar\u00e1 a destino a tiempo. Si prefiere tener su paquete en espera hasta\u00a0que est\u00e9 listo para ser enviado, podemos almacenarlo en forma segura,\u00a0hasta que consolide la encomienda con otros paquetes, o hasta una feche de env\u00edo determinada.<\/p>\n<p style=\"text-align: center;\">1 JML DeliverIT utiliza mensajeros altamente capacitados\u00a0para realizar env\u00edos\u00a0a lo largo de todo los\u00a0EE.UU. Cada paquete se maneja con extremo cuidado para que llegue\u00a0en perfectas condiciones a destino, de la misma manera que fue recibido. El destinatario quedar\u00e1 satisfecho\u00a0de recibir su paquete a trav\u00e9s de\u00a0nuestra mensajer\u00eda a tiempo y sin contratiempos. Nuestro m\u00e9todo\u00a0de mensajer\u00eda es realmente eficaz y cuidadoso, para que sus paquetes\u00a0a destino, sin ninguna preocupaci\u00f3n. Cont\u00e1ctenos\u00a0para obtener m\u00e1s informaci\u00f3n acerca de c\u00f3mo se puede utilizar hoy mismo nuestro servicio de mensajer\u00eda.<\/p>\n[\/vc_column_text][\/vc_column_inner][\/vc_row_inner][\/vc_column][\/vc_row][vc_row][vc_column][vc_column_text]<span style=\"line-height: 1.5;\">[\/vc_column_text][\/vc_column][\/vc_row][vc_row parallax=&#8221;content-moving&#8221; parallax_image=&#8221;671&#8243; parallax_speed_bg=&#8221;2&#8243; typography_style=&#8221;white&#8221; center_row=&#8221;yes&#8221; css=&#8221;.vc_custom_1467064921578{padding-top: 75px !important;padding-right: 10% !important;padding-bottom: 75px !important;padding-left: 10% !important;}&#8221;][vc_column][vc_column_text]<\/span><\/p>\n<h2 style=\"text-align: center;\"><span style=\"color: #ffffff;\">Consulta R\u00e1pida<\/span><\/h2>\n[\/vc_column_text][vc_separator color=&#8221;custom&#8221; border_width=&#8221;3&#8243; el_width=&#8221;10&#8243; accent_color=&#8221;#1e1a17&#8243; css=&#8221;.vc_custom_1467066612615{padding-top: 15px !important;padding-bottom: 30px !important;}&#8221;][vc_column_text el_class=&#8221;excerpt&#8221; css=&#8221;.vc_custom_1469144146501{margin-top: 15px !important;margin-bottom: 30px !important;}&#8221;]\n<p style=\"text-align: center;\">Obtenga un estimado detallado. Cliquee el bot\u00f3n y llene el formulario. Le responderemos a la brevedad posible.<\/p>\n[\/vc_column_text]<div class=\"theme-button-wrap textcenter theme-button-block-wrap wpex-block wpex-clear wpex-clr\"><a href=\"http:\/\/jmlcorporation.com\/espanol\/contact\/\" class=\"vcex-button theme-button flat align-center block\" style=\"background:#1e1a17;padding:10px 45px;color:#f5f3f4;font-size:16px;font-weight:300;border-radius:0px;font-family:Ubuntu;\" data-wpex-hover='{&quot;background&quot;:&quot;#000000&quot;,&quot;color&quot;:&quot;#ffffff&quot;}' title=\"Solicite un Estimado\"><span class=\"vcex-button-inner theme-button-inner\">Solicite un Estimado<\/span><\/a><\/div> [\/vc_column][\/vc_row]\n<\/div>","protected":false},"excerpt":{"rendered":"<p>[vc_row parallax=&#8221;content-moving&#8221; parallax_image=&#8221;712&#8243; parallax_speed_bg=&#8221;2.5&#8243;][vc_column][vc_column_text css=&#8221;.vc_custom_1470266502066{padding-top: 100px !important;padding-bottom: 100px !important;}&#8221;] 1 JML DeliverIT &gt; Entrega [\/vc_column_text][\/vc_column][\/vc_row][vc_row css=&#8221;.vc_custom_1467065629241{padding-top: 75px !important;padding-right: 10% !important;padding-bottom: 75px !important;padding-left: 10% !important;background-color: #ffffff !important;}&#8221;][vc_column padding_left=&#8221;21px&#8221;][vc_row_inner][vc_column_inner][vc_column_text] Utilice nuestro servicio de mensajer\u00eda para enviar todos sus paquetes entregados [\/vc_column_text][vc_separator color=&#8221;custom&#8221; border_width=&#8221;3&#8243; el_width=&#8221;10&#8243; accent_color=&#8221;#f2682e&#8221; css=&#8221;.vc_custom_1467220047996{padding-top: 15px !important;padding-bottom: 30px !important;}&#8221;][vc_column_text el_class=&#8221;excerpt&#8221; css=&#8221;.vc_custom_1470256297957{margin-bottom: 30px !important;}&#8221;] 1 JML DeliverIT&hellip;<\/p>\n","protected":false},"author":1,"featured_media":0,"parent":0,"menu_order":0,"comment_status":"closed","ping_status":"closed","template":"","meta":{"footnotes":""},"class_list":["post-721","page","type-page","status-publish","hentry","entry","no-media"],"yoast_head":"<!-- This site is optimized with the Yoast SEO plugin v27.4 - https:\/\/yoast.com\/product\/yoast-seo-wordpress\/ -->\n<title>Entrega - JML Corporation Espa\u00f1ol<\/title>\n<meta name=\"robots\" content=\"index, follow, max-snippet:-1, max-image-preview:large, max-video-preview:-1\" \/>\n<link rel=\"canonical\" href=\"https:\/\/jmlcorporation.com\/espanol\/courier\/\" \/>\n<meta property=\"og:locale\" content=\"en_US\" \/>\n<meta property=\"og:type\" content=\"article\" \/>\n<meta property=\"og:title\" content=\"Entrega - JML Corporation Espa\u00f1ol\" \/>\n<meta property=\"og:description\" content=\"[vc_row parallax=&#8221;content-moving&#8221; parallax_image=&#8221;712&#8243; parallax_speed_bg=&#8221;2.5&#8243;][vc_column][vc_column_text css=&#8221;.vc_custom_1470266502066{padding-top: 100px !important;padding-bottom: 100px !important;}&#8221;] 1 JML DeliverIT &gt; Entrega [\/vc_column_text][\/vc_column][\/vc_row][vc_row css=&#8221;.vc_custom_1467065629241{padding-top: 75px !important;padding-right: 10% !important;padding-bottom: 75px !important;padding-left: 10% !important;background-color: #ffffff !important;}&#8221;][vc_column padding_left=&#8221;21px&#8221;][vc_row_inner][vc_column_inner][vc_column_text] Utilice nuestro servicio de mensajer\u00eda para enviar todos sus paquetes entregados [\/vc_column_text][vc_separator color=&#8221;custom&#8221; border_width=&#8221;3&#8243; el_width=&#8221;10&#8243; accent_color=&#8221;#f2682e&#8221; css=&#8221;.vc_custom_1467220047996{padding-top: 15px !important;padding-bottom: 30px !important;}&#8221;][vc_column_text el_class=&#8221;excerpt&#8221; css=&#8221;.vc_custom_1470256297957{margin-bottom: 30px !important;}&#8221;] 1 JML DeliverIT&hellip;\" \/>\n<meta property=\"og:url\" content=\"https:\/\/jmlcorporation.com\/espanol\/courier\/\" \/>\n<meta property=\"og:site_name\" content=\"JML Corporation Espa\u00f1ol\" \/>\n<meta property=\"article:publisher\" content=\"https:\/\/www.facebook.com\/pages\/JML-Cargo-Logistics\/259834600847493\" \/>\n<meta property=\"article:modified_time\" content=\"2023-06-27T16:55:05+00:00\" \/>\n<meta name=\"twitter:card\" content=\"summary_large_image\" \/>\n<meta name=\"twitter:label1\" content=\"Est. reading time\" \/>\n\t<meta name=\"twitter:data1\" content=\"2 minutes\" \/>\n<script type=\"application\/ld+json\" class=\"yoast-schema-graph\">{\"@context\":\"https:\\\/\\\/schema.org\",\"@graph\":[{\"@type\":\"WebPage\",\"@id\":\"https:\\\/\\\/jmlcorporation.com\\\/espanol\\\/courier\\\/\",\"url\":\"https:\\\/\\\/jmlcorporation.com\\\/espanol\\\/courier\\\/\",\"name\":\"Entrega - JML Corporation Espa\u00f1ol\",\"isPartOf\":{\"@id\":\"https:\\\/\\\/jmlcorporation.com\\\/espanol\\\/#website\"},\"datePublished\":\"2016-06-28T22:30:58+00:00\",\"dateModified\":\"2023-06-27T16:55:05+00:00\",\"breadcrumb\":{\"@id\":\"https:\\\/\\\/jmlcorporation.com\\\/espanol\\\/courier\\\/#breadcrumb\"},\"inLanguage\":\"en-US\",\"potentialAction\":[{\"@type\":\"ReadAction\",\"target\":[\"https:\\\/\\\/jmlcorporation.com\\\/espanol\\\/courier\\\/\"]}]},{\"@type\":\"BreadcrumbList\",\"@id\":\"https:\\\/\\\/jmlcorporation.com\\\/espanol\\\/courier\\\/#breadcrumb\",\"itemListElement\":[{\"@type\":\"ListItem\",\"position\":1,\"name\":\"Home\",\"item\":\"https:\\\/\\\/jmlcorporation.com\\\/espanol\\\/\"},{\"@type\":\"ListItem\",\"position\":2,\"name\":\"Entrega\"}]},{\"@type\":\"WebSite\",\"@id\":\"https:\\\/\\\/jmlcorporation.com\\\/espanol\\\/#website\",\"url\":\"https:\\\/\\\/jmlcorporation.com\\\/espanol\\\/\",\"name\":\"JML Corporation\",\"description\":\"Cargo Services Miami - BVI\",\"publisher\":{\"@id\":\"https:\\\/\\\/jmlcorporation.com\\\/espanol\\\/#organization\"},\"potentialAction\":[{\"@type\":\"SearchAction\",\"target\":{\"@type\":\"EntryPoint\",\"urlTemplate\":\"https:\\\/\\\/jmlcorporation.com\\\/espanol\\\/?s={search_term_string}\"},\"query-input\":{\"@type\":\"PropertyValueSpecification\",\"valueRequired\":true,\"valueName\":\"search_term_string\"}}],\"inLanguage\":\"en-US\"},{\"@type\":\"Organization\",\"@id\":\"https:\\\/\\\/jmlcorporation.com\\\/espanol\\\/#organization\",\"name\":\"JML Corpporation\",\"url\":\"https:\\\/\\\/jmlcorporation.com\\\/espanol\\\/\",\"logo\":{\"@type\":\"ImageObject\",\"inLanguage\":\"en-US\",\"@id\":\"https:\\\/\\\/jmlcorporation.com\\\/espanol\\\/#\\\/schema\\\/logo\\\/image\\\/\",\"url\":\"https:\\\/\\\/jmlcorporation.com\\\/espanol\\\/wp-content\\\/uploads\\\/sites\\\/3\\\/2015\\\/05\\\/jml-logo-icon-152.png\",\"contentUrl\":\"https:\\\/\\\/jmlcorporation.com\\\/espanol\\\/wp-content\\\/uploads\\\/sites\\\/3\\\/2015\\\/05\\\/jml-logo-icon-152.png\",\"width\":152,\"height\":152,\"caption\":\"JML Corpporation\"},\"image\":{\"@id\":\"https:\\\/\\\/jmlcorporation.com\\\/espanol\\\/#\\\/schema\\\/logo\\\/image\\\/\"},\"sameAs\":[\"https:\\\/\\\/www.facebook.com\\\/pages\\\/JML-Cargo-Logistics\\\/259834600847493\"]}]}<\/script>\n<!-- \/ Yoast SEO plugin. -->","yoast_head_json":{"title":"Entrega - JML Corporation Espa\u00f1ol","robots":{"index":"index","follow":"follow","max-snippet":"max-snippet:-1","max-image-preview":"max-image-preview:large","max-video-preview":"max-video-preview:-1"},"canonical":"https:\/\/jmlcorporation.com\/espanol\/courier\/","og_locale":"en_US","og_type":"article","og_title":"Entrega - JML Corporation Espa\u00f1ol","og_description":"[vc_row parallax=&#8221;content-moving&#8221; parallax_image=&#8221;712&#8243; parallax_speed_bg=&#8221;2.5&#8243;][vc_column][vc_column_text css=&#8221;.vc_custom_1470266502066{padding-top: 100px !important;padding-bottom: 100px !important;}&#8221;] 1 JML DeliverIT &gt; Entrega [\/vc_column_text][\/vc_column][\/vc_row][vc_row css=&#8221;.vc_custom_1467065629241{padding-top: 75px !important;padding-right: 10% !important;padding-bottom: 75px !important;padding-left: 10% !important;background-color: #ffffff !important;}&#8221;][vc_column padding_left=&#8221;21px&#8221;][vc_row_inner][vc_column_inner][vc_column_text] Utilice nuestro servicio de mensajer\u00eda para enviar todos sus paquetes entregados [\/vc_column_text][vc_separator color=&#8221;custom&#8221; border_width=&#8221;3&#8243; el_width=&#8221;10&#8243; accent_color=&#8221;#f2682e&#8221; css=&#8221;.vc_custom_1467220047996{padding-top: 15px !important;padding-bottom: 30px !important;}&#8221;][vc_column_text el_class=&#8221;excerpt&#8221; css=&#8221;.vc_custom_1470256297957{margin-bottom: 30px !important;}&#8221;] 1 JML DeliverIT&hellip;","og_url":"https:\/\/jmlcorporation.com\/espanol\/courier\/","og_site_name":"JML Corporation Espa\u00f1ol","article_publisher":"https:\/\/www.facebook.com\/pages\/JML-Cargo-Logistics\/259834600847493","article_modified_time":"2023-06-27T16:55:05+00:00","twitter_card":"summary_large_image","twitter_misc":{"Est. reading time":"2 minutes"},"schema":{"@context":"https:\/\/schema.org","@graph":[{"@type":"WebPage","@id":"https:\/\/jmlcorporation.com\/espanol\/courier\/","url":"https:\/\/jmlcorporation.com\/espanol\/courier\/","name":"Entrega - JML Corporation Espa\u00f1ol","isPartOf":{"@id":"https:\/\/jmlcorporation.com\/espanol\/#website"},"datePublished":"2016-06-28T22:30:58+00:00","dateModified":"2023-06-27T16:55:05+00:00","breadcrumb":{"@id":"https:\/\/jmlcorporation.com\/espanol\/courier\/#breadcrumb"},"inLanguage":"en-US","potentialAction":[{"@type":"ReadAction","target":["https:\/\/jmlcorporation.com\/espanol\/courier\/"]}]},{"@type":"BreadcrumbList","@id":"https:\/\/jmlcorporation.com\/espanol\/courier\/#breadcrumb","itemListElement":[{"@type":"ListItem","position":1,"name":"Home","item":"https:\/\/jmlcorporation.com\/espanol\/"},{"@type":"ListItem","position":2,"name":"Entrega"}]},{"@type":"WebSite","@id":"https:\/\/jmlcorporation.com\/espanol\/#website","url":"https:\/\/jmlcorporation.com\/espanol\/","name":"JML Corporation","description":"Cargo Services Miami - BVI","publisher":{"@id":"https:\/\/jmlcorporation.com\/espanol\/#organization"},"potentialAction":[{"@type":"SearchAction","target":{"@type":"EntryPoint","urlTemplate":"https:\/\/jmlcorporation.com\/espanol\/?s={search_term_string}"},"query-input":{"@type":"PropertyValueSpecification","valueRequired":true,"valueName":"search_term_string"}}],"inLanguage":"en-US"},{"@type":"Organization","@id":"https:\/\/jmlcorporation.com\/espanol\/#organization","name":"JML Corpporation","url":"https:\/\/jmlcorporation.com\/espanol\/","logo":{"@type":"ImageObject","inLanguage":"en-US","@id":"https:\/\/jmlcorporation.com\/espanol\/#\/schema\/logo\/image\/","url":"https:\/\/jmlcorporation.com\/espanol\/wp-content\/uploads\/sites\/3\/2015\/05\/jml-logo-icon-152.png","contentUrl":"https:\/\/jmlcorporation.com\/espanol\/wp-content\/uploads\/sites\/3\/2015\/05\/jml-logo-icon-152.png","width":152,"height":152,"caption":"JML Corpporation"},"image":{"@id":"https:\/\/jmlcorporation.com\/espanol\/#\/schema\/logo\/image\/"},"sameAs":["https:\/\/www.facebook.com\/pages\/JML-Cargo-Logistics\/259834600847493"]}]}},"jetpack_sharing_enabled":true,"_links":{"self":[{"href":"https:\/\/jmlcorporation.com\/espanol\/wp-json\/wp\/v2\/pages\/721","targetHints":{"allow":["GET"]}}],"collection":[{"href":"https:\/\/jmlcorporation.com\/espanol\/wp-json\/wp\/v2\/pages"}],"about":[{"href":"https:\/\/jmlcorporation.com\/espanol\/wp-json\/wp\/v2\/types\/page"}],"author":[{"embeddable":true,"href":"https:\/\/jmlcorporation.com\/espanol\/wp-json\/wp\/v2\/users\/1"}],"replies":[{"embeddable":true,"href":"https:\/\/jmlcorporation.com\/espanol\/wp-json\/wp\/v2\/comments?post=721"}],"version-history":[{"count":0,"href":"https:\/\/jmlcorporation.com\/espanol\/wp-json\/wp\/v2\/pages\/721\/revisions"}],"wp:attachment":[{"href":"https:\/\/jmlcorporation.com\/espanol\/wp-json\/wp\/v2\/media?parent=721"}],"curies":[{"name":"wp","href":"https:\/\/api.w.org\/{rel}","templated":true}]}}